{"id":1087,"date":"2017-11-21T09:32:48","date_gmt":"2017-11-21T07:32:48","guid":{"rendered":"https:\/\/samperimpresores.com\/avertissement-legal\/"},"modified":"2017-11-22T09:16:03","modified_gmt":"2017-11-22T07:16:03","slug":"avertissement-legal","status":"publish","type":"page","link":"https:\/\/samperimpresores.com\/fr\/avertissement-legal\/","title":{"rendered":"AVERTISSEMENT L\u00c9GAL"},"content":{"rendered":"<div class=\"fusion-fullwidth fullwidth-box nonhundred-percent-fullwidth non-hundred-percent-height-scrolling\"  style='background-color: rgba(255,255,255,0);background-position: center center;background-repeat: no-repeat;padding-top:0px;padding-right:0px;padding-bottom:0px;padding-left:0px;'><div class=\"fusion-builder-row fusion-row \"><div  class=\"fusion-layout-column fusion_builder_column fusion_builder_column_1_1  fusion-one-full fusion-column-first fusion-column-last 1_1\"  style='margin-top:0px;margin-bottom:20px;'>\n\t\t\t\t\t<div class=\"fusion-column-wrapper\" style=\"background-position:left top;background-repeat:no-repeat;-webkit-background-size:cover;-moz-background-size:cover;-o-background-size:cover;background-size:cover;\"  data-bg-url=\"\">\n\t\t\t\t\t\t<div class=\"fusion-text\"><h1>Loi sur la protection des donn\u00e9es<\/h1>\n<p>L&rsquo;entreprise <strong>Samper Impresores<\/strong> est sp\u00e9cialement sensible \u00e0 la protection des donn\u00e9es des UTILISATEURS des services, ceux pr\u00e9vus dans la page web et de mani\u00e8re directe. Par la pr\u00e9sente Politique de confidentialit\u00e9 (ci-apr\u00e8s, la Politique), <strong>Samper Impresores <\/strong>communique aux UTILISATEURS du site web :\u00a0<a href=\"https:\/\/www.samperimpresores.com\/\">www.samperimpresores.com <\/a><a href=\"https:\/\/www.samperimpresores.com\/\">concernant le<\/a> <a href=\"https:\/\/www.samperimpresores.com\/\">traitement et les utilisations auxquels sont soumises<\/a> <a href=\"https:\/\/www.samperimpresores.com\/\">les donn\u00e9es confidentielles recueillies dans le site web et\/ou par le contact direct ou avant les relations de prestation de services, afin qu&rsquo;ils d\u00e9cident, librement et volontairement, s&rsquo;ils souhaitent indiquer les informations demand\u00e9es.<\/a><\/p>\n<p><strong>Samper Impresores<\/strong> se r\u00e9serve le droit de modifier cette Politique afin de l&rsquo;adapter aux nouveaut\u00e9s l\u00e9gislatives, aux crit\u00e8res jurisprudentiels, aux pratiques du secteur ou aux int\u00e9r\u00eats de la soci\u00e9t\u00e9. Toute modification apport\u00e9e \u00e0 la politique sera annonc\u00e9e dans les d\u00e9lais n\u00e9cessaires, pour que les utilisateurs puissent avoir parfaitement connaissance de son contenu.<\/p>\n<p>Certains services fournis sur le Portail peuvent contenir des conditions particuli\u00e8res avec des pr\u00e9visions sp\u00e9cifiques en mati\u00e8re de protection des Donn\u00e9es Personnelles. Vous pouvez en prendre connaissance aux chapitres correspondants.<\/p>\n<p><strong>PROPRI\u00c9T\u00c9 DU TRAITEMENT<\/strong><\/p>\n<p>Dans ces conditions, les donn\u00e9es recueillies par <strong>Samper Impresores<\/strong> seront int\u00e9gr\u00e9es dans des fichiers appartenant \u00e0 <strong>Samper Impresores<\/strong>, d\u00fbment inscrits au Registre G\u00e9n\u00e9ral de Protection des Donn\u00e9es.<\/p>\n<p><strong>UTILISATIONS ET OBJECTIFS<\/strong><\/p>\n<p>L&rsquo;objectif du recueil et du traitement des donn\u00e9es personnelles est la gestion, la prestation et la personnalisation des services et contenus de ceux-ci utilis\u00e9s par l&rsquo;UTILISATEUR et qui seront communiqu\u00e9s \u00e0 chaque chapitre.<\/p>\n<p><strong>COMMUNICATION DES DONN\u00c9ES<\/strong><\/p>\n<p>Les donn\u00e9es recueillies par le site web ou d&rsquo;autres moyens ne seront c\u00e9d\u00e9es que si l&rsquo;UTILISATEUR en est express\u00e9ment inform\u00e9.<\/p>\n<p><strong>MISE \u00c0 JOUR DES DONN\u00c9ES<\/strong><\/p>\n<p>Afin que les donn\u00e9es en notre pouvoir dans nos bases de donn\u00e9es correspondent \u00e0 tout moment \u00e0 votre situation r\u00e9elle, vous devrez veiller \u00e0 les tenir \u00e0 jour, soit en les mettant \u00e0 jour vous-m\u00eame directement si cela est possible, soit en les communiquant au d\u00e9partement correspondant.<\/p>\n<p><strong>UTILISATION DE COOKIES<\/strong><\/p>\n<p>Pour assurer une exp\u00e9rience personnalis\u00e9e aux utilisateurs de sa page web, <strong>Samper Impresores<\/strong> utilise des cookies :\u00a0https:\/\/www.samperimpresores.com\/politica-de-cookies\/<\/p>\n<p><strong>S\u00c9CURIT\u00c9 DES DONN\u00c9ES<\/strong><\/p>\n<p><strong>Samper Impresores<\/strong> a adopt\u00e9 dans son syst\u00e8me d&rsquo;information les moyens techniques et d&rsquo;organisation exig\u00e9s par la loi afin de garantir la s\u00e9curit\u00e9 et la confidentialit\u00e9 des donn\u00e9es enregistr\u00e9es et \u00e9viter dans la mesure du possible leur alt\u00e9ration, leur perte, leur traitement ou leur acc\u00e8s non autoris\u00e9.<\/p>\n<p><strong>DROITS DES UTILISATEURS<\/strong><\/p>\n<p>Dans tous les cas, vous pourrez acc\u00e9der \u00e0 vos donn\u00e9es, les rectifier, les annuler et, le cas \u00e9ch\u00e9ant, vous opposer \u00e0 leur traitement ;<\/p>\n<ol start=\"13\">\n<li>a) soit par demande accompagn\u00e9e d&rsquo;une photocopie de votre document national d&rsquo;identit\u00e9, remise \u00e0 l&rsquo;adresse postale suivante :\u00a0<strong>SAMPER IMPRESORES: Carretera San Vicente, 13. 48510 \u2013 Valle de Tr\u00e1paga, Vizcaya<\/strong>.<\/li>\n<li>b) soit en envoyant un e-mail \u00e0 l&rsquo;adresse de courrier \u00e9lectronique suivante :<br \/>\n jonander@samperimpresores.com<\/li>\n<\/ol>\n<p>Plus d&rsquo;information aupr\u00e8s de l&rsquo;Agence espagnole de protection des donn\u00e9es :<\/p>\n<p><a href=\"http:\/\/www.agpd.es\/portalwebAGPD\/index-ides-idphp.php\">http:\/\/www.agpd.es\/portalwebAGPD\/index-ides-idphp.php<\/a><\/p>\n<p><em>Politique de Cookies<\/em><\/p>\n<p>Un cookie est un fichier t\u00e9l\u00e9charg\u00e9 dans votre ordinateur lorsque vous acc\u00e9dez \u00e0 certaines pages web. Les cookies permettent \u00e0 une page web, entre autres choses, de stocker et r\u00e9cup\u00e9rer des informations sur les habitudes de navigation d&rsquo;un utilisateur ou son \u00e9quipement et, en fonction des informations contenues et de la mani\u00e8re dont votre \u00e9quipement est utilis\u00e9, peuvent \u00eatre utilis\u00e9es pour reconna\u00eetre l&rsquo;utilisateur. Le navigateur de l&rsquo;utilisateur m\u00e9morise les cookies dans son disque dur uniquement pendant la session actuelle en occupant un espace de m\u00e9moire minimum et qui n&rsquo;endommage pas l&rsquo;ordinateur. Les cookies ne contiennent aucun type d&rsquo;information personnelle particuli\u00e8re, et la plupart d&rsquo;entre eux sont effac\u00e9s du disque dur \u00e0 la fin de la session de navigateur (les cookies de session).<\/p>\n<p>La plupart des navigateurs acceptent comme norme les cookies et, ind\u00e9pendamment de ceux-ci, permettent ou emp\u00eachent dans les r\u00e9glages de s\u00e9curit\u00e9 les cookies temporaires ou m\u00e9moris\u00e9s.<\/p>\n<p>Sans votre consentement expr\u00e8s, &#8211; par l&rsquo;activation des cookies dans votre navigateur &#8211; Samper Impresores ne reliera pas dans les cookies les donn\u00e9es m\u00e9moris\u00e9es avec vos donn\u00e9es personnelles fournies au moment de l&rsquo;enregistrement ou de l&rsquo;achat.<\/p>\n<p><strong>Quels types de cookies utilise cette page web ?<\/strong><\/p>\n<p>&#8211; Cookies techniques : Ce sont ceux qui permettent \u00e0 l&rsquo;utilisateur de naviguer dans une page web, une plateforme ou une application et l&rsquo;utilisation des diff\u00e9rentes options ou services existants, comme, par exemple, contr\u00f4ler le trafic et la communication des donn\u00e9es, identifier la session, acc\u00e9der aux parties \u00e0 acc\u00e8s restreint, rappeler les \u00e9l\u00e9ments qui composent une commande, passer commande, r\u00e9aliser la demande d&rsquo;inscription ou de participation \u00e0 un \u00e9v\u00e9nement, utiliser des \u00e9l\u00e9ments de s\u00e9curit\u00e9 pendant la navigation, stocker des contenus pour la diffusion de vid\u00e9os ou son ou partager des contenus par les r\u00e9seaux sociaux.<\/p>\n<p>&#8211; Cookies de personnalisation : Ce sont ceux qui permettent \u00e0 l&rsquo;utilisateur d&rsquo;acc\u00e9der au service avec certaines caract\u00e9ristiques de nature g\u00e9n\u00e9ral d\u00e9finies \u00e0 l&rsquo;avance en fonction d&rsquo;une s\u00e9rie de crit\u00e8res dans le terminal de l&rsquo;utilisateur comme, par exemple la langue, le type de navigateur par lequel vous acc\u00e9dez au service, la configuration r\u00e9gionale depuis laquelle vous acc\u00e9dez au service, etc.<\/p>\n<p>&#8211; Cookies d&rsquo;analyse : Ce sont ceux qui sont soit trait\u00e9s par nous soit par des tiers, qui nous permettent de quantifier le nombre d&rsquo;utilisateurs et de faire la mesure et l&rsquo;analyse statistique de l&rsquo;utilisation que font les utilisateurs du service propos\u00e9. Nous analysons pour ce faire votre navigation sur notre page web afin d&rsquo;am\u00e9liorer l&rsquo;offre de produits ou de services que nous vous offrons.<\/p>\n<p>&#8211; Cookies publicitaires : Ce sont ceux qui, soit trait\u00e9s par nous-m\u00eames, soit par des tiers, nous permettent de g\u00e9rer de la mani\u00e8re la plus efficace possible l&rsquo;offre des espaces publicitaires qui se trouvent dans la page web, en adaptant le contenu de la publicit\u00e9 a contenu du service demand\u00e9 ou \u00e0 l&rsquo;utilisation faite de notre page web. Pour ce faire nous devons analyser vos habitudes de navigation sur Internet et pouvons vous montrer une publicit\u00e9 en rapport avec votre profil de navigation.<\/p>\n<p>&#8211; Cookies de publicit\u00e9 comportementale : Ce sont ceux qui permettent la gestion, de la mani\u00e8re la plus efficace possible, des espaces publicitaires que, le cas \u00e9ch\u00e9ant, l&rsquo;\u00e9diteur aura inclus dans une page web, une application ou une plateforme depuis laquelle est fourni le service demand\u00e9. Ces cookies stockent des informations sur le comportement des utilisateurs obtenues par l&rsquo;observation continue de leurs habitudes de navigation, ce qui permet de d\u00e9velopper un profil sp\u00e9cifique pour montrer la publicit\u00e9 en fonction de celui-ci.<\/p>\n<p><strong>Cookies de tiers :<\/strong> Le site web de Samper Impresores peut utiliser des services de tiers qui, pour le compte de Samper Impresores, recueilleront des informations dans des buts statistiques, d&rsquo;utilisation du site par l&rsquo;utilisateur et pour la prestation d&rsquo;autres services en rapport avec l&rsquo;activit\u00e9 du site web et autres services d&rsquo;Internet.<\/p>\n<p>En particulier, ce site web utilise Google analytics, un service analytique de web fourni par Google, Inc., domicili\u00e9e aux Etats-Unis, avec le si\u00e8ge central situ\u00e9 \u00e0 1600 Amphitheatre Parkway, Mountain View, California 94043. \u00a0Pour la prestation de ces services, ils utilisent des cookies pour recueillir les informations, dont l&rsquo;adresse IP de l&rsquo;utilisateur qui sera transmise, trait\u00e9e et stock\u00e9e par Google dans les termes fix\u00e9s sur la page Web Google.com. Dont la transmission possible de cette information \u00e0 des tiers pour des motifs d&rsquo;exigences l\u00e9gales ou lorsque ces tiers traitent les informations pour le compte de Google.<\/p>\n<p><strong>L&rsquo;utilisateur accepte express\u00e9ment, par l&rsquo;utilisation de ce site, le traitement des informations recueillies dans la forme et avec les objectifs d\u00e9crits ci-dessus.<\/strong>\u00a0Et il reconna\u00eet par ailleurs la possibilit\u00e9 de refuser le traitement de ces donn\u00e9es ou ces informations en refusant l&rsquo;utilisation des Cookies par le choix de la configuration appropri\u00e9e dans ce but dans son navigateur. M\u00eame si cette option de blocage des cookies dans votre navigateur ne peut lui permettre d&rsquo;utiliser totalement toutes les fonctions du site web.<\/p>\n<p>Vous pouvez permettre, conna\u00eetre, bloquer ou \u00e9liminer les cookies install\u00e9s dans votre disque dur, vous pouvez utiliser la configuration des options du navigateur install\u00e9 dans votre ordinateur :<\/p>\n<p><a href=\"http:\/\/support.google.com\/chrome\/bin\/answer.py?hl=es&amp;answer=95647\"><em>Chrome<\/em><\/a><\/p>\n<p><a href=\"http:\/\/windows.microsoft.com\/es-es\/windows7\/how-to-manage-cookies-in-internet-explorer-9\"><em>Explorer<\/em><\/a><\/p>\n<p><a href=\"http:\/\/support.mozilla.org\/es\/kb\/habilitar-y-deshabilitar-cookies-que-los-sitios-we\"><em>Firefox<\/em><\/a><\/p>\n<p><a href=\"http:\/\/support.apple.com\/kb\/ph5042\"><em>Safari<\/em><\/a><\/p>\n<p>En cas de doutes concernant cette politique de cookies, vous pouvez nous contacter \u00e0 jonander@samperimpresores.com<\/p>\n<p>Ce site web utilise ses propres \u00ab\u00a0cookies\u00a0\u00bb et ceux de tiers, pour vous offrir une meilleure exp\u00e9rience et un meilleur service web. Lors de la navigation ou de l&rsquo;utilisation de nos services, l&rsquo;utilisateur accepte l&rsquo;utilisation que nous faisons des \u00ab\u00a0cookies\u00a0\u00bb.<\/p>\n<\/div><div class=\"fusion-clearfix\"><\/div>\n\n\t\t\t\t\t<\/div>\n\t\t\t\t<\/div><\/div><\/div>\n","protected":false},"excerpt":{"rendered":"","protected":false},"author":1,"featured_media":0,"parent":0,"menu_order":0,"comment_status":"closed","ping_status":"closed","template":"100-width.php","meta":{"_mi_skip_tracking":false},"_links":{"self":[{"href":"https:\/\/samperimpresores.com\/fr\/wp-json\/wp\/v2\/pages\/1087"}],"collection":[{"href":"https:\/\/samperimpresores.com\/fr\/wp-json\/wp\/v2\/pages"}],"about":[{"href":"https:\/\/samperimpresores.com\/fr\/wp-json\/wp\/v2\/types\/page"}],"author":[{"embeddable":true,"href":"https:\/\/samperimpresores.com\/fr\/wp-json\/wp\/v2\/users\/1"}],"replies":[{"embeddable":true,"href":"https:\/\/samperimpresores.com\/fr\/wp-json\/wp\/v2\/comments?post=1087"}],"version-history":[{"count":5,"href":"https:\/\/samperimpresores.com\/fr\/wp-json\/wp\/v2\/pages\/1087\/revisions"}],"predecessor-version":[{"id":1286,"href":"https:\/\/samperimpresores.com\/fr\/wp-json\/wp\/v2\/pages\/1087\/revisions\/1286"}],"wp:attachment":[{"href":"https:\/\/samperimpresores.com\/fr\/wp-json\/wp\/v2\/media?parent=1087"}],"curies":[{"name":"wp","href":"https:\/\/api.w.org\/{rel}","templated":true}]}}