{"id":1092,"date":"2017-11-21T09:43:03","date_gmt":"2017-11-21T07:43:03","guid":{"rendered":"https:\/\/samperimpresores.com\/affiches\/"},"modified":"2017-11-21T09:43:05","modified_gmt":"2017-11-21T07:43:05","slug":"affiches","status":"publish","type":"page","link":"https:\/\/samperimpresores.com\/fr\/affiches\/","title":{"rendered":"AFFICHES"},"content":{"rendered":"<p><div class=\"fusion-fullwidth fullwidth-box nonhundred-percent-fullwidth non-hundred-percent-height-scrolling\"  style='background-color: rgba(255,255,255,0);background-position: center center;background-repeat: no-repeat;padding-right:0px;padding-bottom:0px;padding-left:0px;'><div class=\"fusion-builder-row fusion-row \"><div  class=\"fusion-layout-column fusion_builder_column fusion_builder_column_1_1  fusion-one-full fusion-column-first fusion-column-last 1_1\"  style='margin-top:0px;margin-bottom:0px;'>\n\t\t\t\t\t<div class=\"fusion-column-wrapper\" style=\"padding: 40px 0px 30px 0px;background-position:left top;background-repeat:no-repeat;-webkit-background-size:cover;-moz-background-size:cover;-o-background-size:cover;background-size:cover;\"  data-bg-url=\"\">\n\t\t\t\t\t\t<div class=\"fusion-text\"><h2 style=\"text-align: center;\">AFFICHES<\/h2>\n<\/div><div class=\"fusion-text\"><h1 style=\"text-align: center;\">Impression d&rsquo;affiches avec Samper<\/h1>\n<\/div><div class=\"imageframe-align-center\"><span class=\"fusion-imageframe imageframe-none imageframe-1 hover-type-none fusion-animated\" data-animationType=\"slideInUp\" data-animationDuration=\"0.3\" data-animationOffset=\"100%\"><img decoding=\"async\" loading=\"lazy\" src=\"https:\/\/samperimpresores.com\/wp-content\/uploads\/2017\/05\/detalle-01-01.png\" width=\"800\" height=\"24\" alt=\"\" title=\"detalle-01-01\" class=\"img-responsive wp-image-37\" srcset=\"https:\/\/samperimpresores.com\/wp-content\/uploads\/2017\/05\/detalle-01-01-200x6.png 200w, https:\/\/samperimpresores.com\/wp-content\/uploads\/2017\/05\/detalle-01-01-400x12.png 400w, https:\/\/samperimpresores.com\/wp-content\/uploads\/2017\/05\/detalle-01-01-600x18.png 600w, https:\/\/samperimpresores.com\/wp-content\/uploads\/2017\/05\/detalle-01-01.png 800w\" sizes=\"(max-width: 1024px) 100vw, 800px\" \/><\/span><\/div><div class=\"fusion-clearfix\"><\/div>\n\n\t\t\t\t\t<\/div>\n\t\t\t\t<\/div><\/div><\/div><div class=\"fusion-fullwidth fullwidth-box nonhundred-percent-fullwidth non-hundred-percent-height-scrolling\"  style='background-color: rgba(255,255,255,0);background-position: center center;background-repeat: no-repeat;padding-top:20px;padding-right:0px;padding-bottom:0px;padding-left:0px;'><div class=\"fusion-builder-row fusion-row \"><div  class=\"fusion-layout-column fusion_builder_column fusion_builder_column_1_2  fusion-one-half fusion-column-first 1_2\"  style='margin-top:0px;margin-bottom:20px;width:50%;width:calc(50% - ( ( 4% ) * 0.5 ) );margin-right: 4%;'>\n\t\t\t\t\t<div class=\"fusion-column-wrapper\" style=\"background-position:left top;background-repeat:no-repeat;-webkit-background-size:cover;-moz-background-size:cover;-o-background-size:cover;background-size:cover;\"  data-bg-url=\"\">\n\t\t\t\t\t\t<div class=\"fusion-image-carousel fusion-image-carousel-auto lightbox-enabled\"><div class=\"fusion-carousel\" data-autoplay=\"no\" data-columns=\"1\" data-itemmargin=\"13\" data-itemwidth=\"180\" data-touchscroll=\"no\" data-imagesize=\"auto\"><div class=\"fusion-carousel-positioner\"><ul class=\"fusion-carousel-holder\"><li class=\"fusion-carousel-item\"><div class=\"fusion-carousel-item-wrapper\"><div class=\"fusion-image-wrapper hover-type-none\"><a data-rel=\"iLightbox[gallery_image_1]\" data-title=\"Laminas_ Ariane_25web\" aria-label=\"Laminas_ Ariane_25web\" href=\"https:\/\/samperimpresores.com\/wp-content\/uploads\/2017\/07\/Laminas_-Ariane_25web.jpg\" target=\"_self\"><img width=\"1200\" height=\"801\" src=\"https:\/\/samperimpresores.com\/wp-content\/uploads\/2017\/07\/Laminas_-Ariane_25web.jpg\" class=\"attachment-full size-full\" alt=\"\" decoding=\"async\" loading=\"lazy\" srcset=\"https:\/\/samperimpresores.com\/wp-content\/uploads\/2017\/07\/Laminas_-Ariane_25web-200x134.jpg 200w, https:\/\/samperimpresores.com\/wp-content\/uploads\/2017\/07\/Laminas_-Ariane_25web-400x267.jpg 400w, https:\/\/samperimpresores.com\/wp-content\/uploads\/2017\/07\/Laminas_-Ariane_25web-600x401.jpg 600w, https:\/\/samperimpresores.com\/wp-content\/uploads\/2017\/07\/Laminas_-Ariane_25web-700x467.jpg 700w, https:\/\/samperimpresores.com\/wp-content\/uploads\/2017\/07\/Laminas_-Ariane_25web-768x513.jpg 768w, https:\/\/samperimpresores.com\/wp-content\/uploads\/2017\/07\/Laminas_-Ariane_25web-800x534.jpg 800w, https:\/\/samperimpresores.com\/wp-content\/uploads\/2017\/07\/Laminas_-Ariane_25web-1024x684.jpg 1024w, https:\/\/samperimpresores.com\/wp-content\/uploads\/2017\/07\/Laminas_-Ariane_25web.jpg 1200w\" sizes=\"(max-width: 1200px) 100vw, 1200px\" \/><\/a><\/div><\/div><\/li><\/ul><div class=\"fusion-carousel-nav\"><span class=\"fusion-nav-prev\"><\/span><span class=\"fusion-nav-next\"><\/span><\/div><\/div><\/div><\/div><div class=\"fusion-text\"><p style=\"text-align: center; border-bottom: 1px solid #eee; padding-bottom: 10px;\"><span style=\"font-size: 22pt; color: #c2a44b;\"><strong>Bandes Deco<\/strong><\/span><br \/>\n <strong>Client:\u00a0<\/strong>GROUPE ARIANE<\/p>\n<p style=\"text-align: justify;\">Samper Impresores exporte en France sa meilleure qualit\u00e9 graphique, avec, comme exemple les bandes qui d\u00e9corent nos espaces les plus intimes. O\u00f9 pouvons-nous les trouver ? Dans les grandes cha\u00eenes de distribution fran\u00e7aises (par ex. : Leroy Merlin). Les tailles et les sujets diff\u00e8rent en fonction des go\u00fbts du consommateur. Pour faciliter la vente, les diff\u00e9rentes planches sont emball\u00e9es dans du film r\u00e9tractile en emballages sp\u00e9ciaux<\/p>\n<\/div><div class=\"fusion-clearfix\"><\/div>\n\n\t\t\t\t\t<\/div>\n\t\t\t\t<\/div><div  class=\"fusion-layout-column fusion_builder_column fusion_builder_column_1_2  fusion-one-half fusion-column-last 1_2\"  style='margin-top:0px;margin-bottom:20px;width:50%;width:calc(50% - ( ( 4% ) * 0.5 ) );'>\n\t\t\t\t\t<div class=\"fusion-column-wrapper\" style=\"background-position:left top;background-repeat:no-repeat;-webkit-background-size:cover;-moz-background-size:cover;-o-background-size:cover;background-size:cover;\"  data-bg-url=\"\">\n\t\t\t\t\t\t<div class=\"fusion-image-carousel fusion-image-carousel-auto lightbox-enabled\"><div class=\"fusion-carousel\" data-autoplay=\"no\" data-columns=\"1\" data-itemmargin=\"13\" data-itemwidth=\"180\" data-touchscroll=\"no\" data-imagesize=\"auto\"><div class=\"fusion-carousel-positioner\"><ul class=\"fusion-carousel-holder\"><li class=\"fusion-carousel-item\"><div class=\"fusion-carousel-item-wrapper\"><div class=\"fusion-image-wrapper hover-type-none\"><a data-rel=\"iLightbox[gallery_image_2]\" data-title=\"Cartel_mapa mundi_02web\" aria-label=\"Cartel_mapa mundi_02web\" href=\"https:\/\/samperimpresores.com\/wp-content\/uploads\/2017\/07\/Cartel_mapa-mundi_02web.jpg\" target=\"_self\"><img width=\"1200\" height=\"801\" src=\"https:\/\/samperimpresores.com\/wp-content\/uploads\/2017\/07\/Cartel_mapa-mundi_02web.jpg\" class=\"attachment-full size-full\" alt=\"\" decoding=\"async\" loading=\"lazy\" srcset=\"https:\/\/samperimpresores.com\/wp-content\/uploads\/2017\/07\/Cartel_mapa-mundi_02web-200x134.jpg 200w, https:\/\/samperimpresores.com\/wp-content\/uploads\/2017\/07\/Cartel_mapa-mundi_02web-400x267.jpg 400w, https:\/\/samperimpresores.com\/wp-content\/uploads\/2017\/07\/Cartel_mapa-mundi_02web-600x401.jpg 600w, https:\/\/samperimpresores.com\/wp-content\/uploads\/2017\/07\/Cartel_mapa-mundi_02web-700x467.jpg 700w, https:\/\/samperimpresores.com\/wp-content\/uploads\/2017\/07\/Cartel_mapa-mundi_02web-768x513.jpg 768w, https:\/\/samperimpresores.com\/wp-content\/uploads\/2017\/07\/Cartel_mapa-mundi_02web-800x534.jpg 800w, https:\/\/samperimpresores.com\/wp-content\/uploads\/2017\/07\/Cartel_mapa-mundi_02web-1024x684.jpg 1024w, https:\/\/samperimpresores.com\/wp-content\/uploads\/2017\/07\/Cartel_mapa-mundi_02web.jpg 1200w\" sizes=\"(max-width: 1200px) 100vw, 1200px\" \/><\/a><\/div><\/div><\/li><\/ul><div class=\"fusion-carousel-nav\"><span class=\"fusion-nav-prev\"><\/span><span class=\"fusion-nav-next\"><\/span><\/div><\/div><\/div><\/div><div class=\"fusion-text\"><p style=\"text-align: center; border-bottom: 1px solid #eee; padding-bottom: 10px;\"><span style=\"font-size: 22pt; color: #c2a44b;\"><strong>Mappemonde<\/strong><\/span><br \/>\n <strong>Client:\u00a0<\/strong>GEN\u00c9RICO<\/p>\n<p style=\"text-align: justify;\">Affiche de nature p\u00e9dagogique caract\u00e9ris\u00e9e par une impression s\u00e9rigraphi\u00e9e accompagn\u00e9e d&rsquo;un estampage en or qui nous permet de faire les utiliser comme \u00ab\u00a0gratter-gagner\u00a0\u00bb.<\/p>\n<\/div><div class=\"fusion-clearfix\"><\/div>\n\n\t\t\t\t\t<\/div>\n\t\t\t\t<\/div><div  class=\"fusion-layout-column fusion_builder_column fusion_builder_column_1_2  fusion-one-half fusion-column-first 1_2\"  style='margin-top:0px;margin-bottom:20px;width:50%;width:calc(50% - ( ( 4% ) * 0.5 ) );margin-right: 4%;'>\n\t\t\t\t\t<div class=\"fusion-column-wrapper\" style=\"background-position:left top;background-repeat:no-repeat;-webkit-background-size:cover;-moz-background-size:cover;-o-background-size:cover;background-size:cover;\"  data-bg-url=\"\">\n\t\t\t\t\t\t<div class=\"fusion-image-carousel fusion-image-carousel-auto lightbox-enabled\"><div class=\"fusion-carousel\" data-autoplay=\"no\" data-columns=\"1\" data-itemmargin=\"13\" data-itemwidth=\"180\" data-touchscroll=\"no\" data-imagesize=\"auto\"><div class=\"fusion-carousel-positioner\"><ul class=\"fusion-carousel-holder\"><li class=\"fusion-carousel-item\"><div class=\"fusion-carousel-item-wrapper\"><div class=\"fusion-image-wrapper hover-type-none\"><a data-rel=\"iLightbox[gallery_image_3]\" data-title=\"Cartel_Euskaltel_02web\" aria-label=\"Cartel_Euskaltel_02web\" href=\"https:\/\/samperimpresores.com\/wp-content\/uploads\/2017\/07\/Cartel_Euskaltel_02web.jpg\" target=\"_self\"><img width=\"1200\" height=\"799\" src=\"https:\/\/samperimpresores.com\/wp-content\/uploads\/2017\/07\/Cartel_Euskaltel_02web.jpg\" class=\"attachment-full size-full\" alt=\"\" decoding=\"async\" loading=\"lazy\" srcset=\"https:\/\/samperimpresores.com\/wp-content\/uploads\/2017\/07\/Cartel_Euskaltel_02web-200x133.jpg 200w, https:\/\/samperimpresores.com\/wp-content\/uploads\/2017\/07\/Cartel_Euskaltel_02web-400x266.jpg 400w, https:\/\/samperimpresores.com\/wp-content\/uploads\/2017\/07\/Cartel_Euskaltel_02web-600x400.jpg 600w, https:\/\/samperimpresores.com\/wp-content\/uploads\/2017\/07\/Cartel_Euskaltel_02web-700x466.jpg 700w, https:\/\/samperimpresores.com\/wp-content\/uploads\/2017\/07\/Cartel_Euskaltel_02web-768x511.jpg 768w, https:\/\/samperimpresores.com\/wp-content\/uploads\/2017\/07\/Cartel_Euskaltel_02web-800x533.jpg 800w, https:\/\/samperimpresores.com\/wp-content\/uploads\/2017\/07\/Cartel_Euskaltel_02web-1024x682.jpg 1024w, https:\/\/samperimpresores.com\/wp-content\/uploads\/2017\/07\/Cartel_Euskaltel_02web.jpg 1200w\" sizes=\"(max-width: 1200px) 100vw, 1200px\" \/><\/a><\/div><\/div><\/li><\/ul><div class=\"fusion-carousel-nav\"><span class=\"fusion-nav-prev\"><\/span><span class=\"fusion-nav-next\"><\/span><\/div><\/div><\/div><\/div><div class=\"fusion-text\"><p style=\"text-align: center; border-bottom: 1px solid #eee; padding-bottom: 10px;\"><span style=\"font-size: 22pt; color: #c2a44b;\"><strong>Campagnes<\/strong><\/span><br \/>\n <strong>Client:\u00a0<\/strong>EUSKALTEL<\/p>\n<p style=\"text-align: justify;\">Euskaltel mise fortement sur les affiches pour communiquer dans les boutiques. Les formats les plus demand\u00e9s \u00e0 Imprenta Samper sont les din A2\/A3, qui diff\u00e9rencient les langues officielles de la Communaut\u00e9 autonome du Pays basque.<\/p>\n<\/div><div class=\"fusion-clearfix\"><\/div>\n\n\t\t\t\t\t<\/div>\n\t\t\t\t<\/div><div  class=\"fusion-layout-column fusion_builder_column fusion_builder_column_1_2  fusion-one-half fusion-column-last 1_2\"  style='margin-top:0px;margin-bottom:20px;width:50%;width:calc(50% - ( ( 4% ) * 0.5 ) );'>\n\t\t\t\t\t<div class=\"fusion-column-wrapper\" style=\"background-position:left top;background-repeat:no-repeat;-webkit-background-size:cover;-moz-background-size:cover;-o-background-size:cover;background-size:cover;\"  data-bg-url=\"\">\n\t\t\t\t\t\t<div class=\"fusion-image-carousel fusion-image-carousel-auto lightbox-enabled\"><div class=\"fusion-carousel\" data-autoplay=\"no\" data-columns=\"1\" data-itemmargin=\"13\" data-itemwidth=\"180\" data-touchscroll=\"no\" data-imagesize=\"auto\"><div class=\"fusion-carousel-positioner\"><ul class=\"fusion-carousel-holder\"><li class=\"fusion-carousel-item\"><div class=\"fusion-carousel-item-wrapper\"><div class=\"fusion-image-wrapper hover-type-none\"><a data-rel=\"iLightbox[gallery_image_4]\" data-title=\"Cartel_Cinfa_01web\" aria-label=\"Cartel_Cinfa_01web\" href=\"https:\/\/samperimpresores.com\/wp-content\/uploads\/2017\/07\/Cartel_Cinfa_01web.jpg\" target=\"_self\"><img width=\"1200\" height=\"800\" src=\"https:\/\/samperimpresores.com\/wp-content\/uploads\/2017\/07\/Cartel_Cinfa_01web.jpg\" class=\"attachment-full size-full\" alt=\"\" decoding=\"async\" loading=\"lazy\" srcset=\"https:\/\/samperimpresores.com\/wp-content\/uploads\/2017\/07\/Cartel_Cinfa_01web-200x133.jpg 200w, https:\/\/samperimpresores.com\/wp-content\/uploads\/2017\/07\/Cartel_Cinfa_01web-400x267.jpg 400w, https:\/\/samperimpresores.com\/wp-content\/uploads\/2017\/07\/Cartel_Cinfa_01web-600x400.jpg 600w, https:\/\/samperimpresores.com\/wp-content\/uploads\/2017\/07\/Cartel_Cinfa_01web-700x467.jpg 700w, https:\/\/samperimpresores.com\/wp-content\/uploads\/2017\/07\/Cartel_Cinfa_01web-768x512.jpg 768w, https:\/\/samperimpresores.com\/wp-content\/uploads\/2017\/07\/Cartel_Cinfa_01web-800x533.jpg 800w, https:\/\/samperimpresores.com\/wp-content\/uploads\/2017\/07\/Cartel_Cinfa_01web-1024x683.jpg 1024w, https:\/\/samperimpresores.com\/wp-content\/uploads\/2017\/07\/Cartel_Cinfa_01web.jpg 1200w\" sizes=\"(max-width: 1200px) 100vw, 1200px\" \/><\/a><\/div><\/div><\/li><\/ul><div class=\"fusion-carousel-nav\"><span class=\"fusion-nav-prev\"><\/span><span class=\"fusion-nav-next\"><\/span><\/div><\/div><\/div><\/div><div class=\"fusion-text\"><p style=\"text-align: center; border-bottom: 1px solid #eee; padding-bottom: 10px;\"><span style=\"font-size: 22pt; color: #c2a44b;\"><strong>Cispren<\/strong><\/span><br \/>\n <strong>Client:\u00a0<\/strong>CINFA<\/p>\n<p style=\"text-align: justify;\">Laboratoires Cinfa demande fr\u00e9quemment pour ses campagnes l&rsquo;impression d&rsquo;affiches pour renforcer la communication sur le point de vente (Pharmacies). Imprenta Samper montre ses meilleures finitions de plastifications (brillant, mat, anti-rayures, gaufr\u00e9 et soft touch) dans ses diff\u00e9rentes couches.<\/p>\n<\/div><div class=\"fusion-clearfix\"><\/div>\n\n\t\t\t\t\t<\/div>\n\t\t\t\t<\/div><div  class=\"fusion-layout-column fusion_builder_column fusion_builder_column_1_2  fusion-one-half fusion-column-first 1_2\"  style='margin-top:0px;margin-bottom:20px;width:50%;width:calc(50% - ( ( 4% ) * 0.5 ) );margin-right: 4%;'>\n\t\t\t\t\t<div class=\"fusion-column-wrapper\" style=\"background-position:left top;background-repeat:no-repeat;-webkit-background-size:cover;-moz-background-size:cover;-o-background-size:cover;background-size:cover;\"  data-bg-url=\"\">\n\t\t\t\t\t\t<div class=\"fusion-image-carousel fusion-image-carousel-auto lightbox-enabled\"><div class=\"fusion-carousel\" data-autoplay=\"no\" data-columns=\"1\" data-itemmargin=\"13\" data-itemwidth=\"180\" data-touchscroll=\"no\" data-imagesize=\"auto\"><div class=\"fusion-carousel-positioner\"><ul class=\"fusion-carousel-holder\"><li class=\"fusion-carousel-item\"><div class=\"fusion-carousel-item-wrapper\"><div class=\"fusion-image-wrapper hover-type-none\"><a data-rel=\"iLightbox[gallery_image_5]\" data-title=\"Cartel_Guggen_22web\" aria-label=\"Cartel_Guggen_22web\" href=\"https:\/\/samperimpresores.com\/wp-content\/uploads\/2017\/07\/Cartel_Guggen_22web.jpg\" target=\"_self\"><img width=\"1200\" height=\"800\" src=\"https:\/\/samperimpresores.com\/wp-content\/uploads\/2017\/07\/Cartel_Guggen_22web.jpg\" class=\"attachment-full size-full\" alt=\"\" decoding=\"async\" loading=\"lazy\" srcset=\"https:\/\/samperimpresores.com\/wp-content\/uploads\/2017\/07\/Cartel_Guggen_22web-200x133.jpg 200w, https:\/\/samperimpresores.com\/wp-content\/uploads\/2017\/07\/Cartel_Guggen_22web-400x267.jpg 400w, https:\/\/samperimpresores.com\/wp-content\/uploads\/2017\/07\/Cartel_Guggen_22web-600x400.jpg 600w, https:\/\/samperimpresores.com\/wp-content\/uploads\/2017\/07\/Cartel_Guggen_22web-700x467.jpg 700w, https:\/\/samperimpresores.com\/wp-content\/uploads\/2017\/07\/Cartel_Guggen_22web-768x512.jpg 768w, https:\/\/samperimpresores.com\/wp-content\/uploads\/2017\/07\/Cartel_Guggen_22web-800x533.jpg 800w, https:\/\/samperimpresores.com\/wp-content\/uploads\/2017\/07\/Cartel_Guggen_22web-1024x683.jpg 1024w, https:\/\/samperimpresores.com\/wp-content\/uploads\/2017\/07\/Cartel_Guggen_22web.jpg 1200w\" sizes=\"(max-width: 1200px) 100vw, 1200px\" \/><\/a><\/div><\/div><\/li><\/ul><div class=\"fusion-carousel-nav\"><span class=\"fusion-nav-prev\"><\/span><span class=\"fusion-nav-next\"><\/span><\/div><\/div><\/div><\/div><div class=\"fusion-text\"><p style=\"text-align: center; border-bottom: 1px solid #eee; padding-bottom: 10px;\"><span style=\"font-size: 22pt; color: #c2a44b;\"><strong>Exposition permanente Mus\u00e9e<\/strong><\/span><br \/>\n <strong>Client:\u00a0<\/strong>MUSEO GUGGENHEIM<\/p>\n<p style=\"text-align: justify;\">La boutique du mus\u00e9e nous commande p\u00e9riodiquement diff\u00e9rents posters pour la vente. En fonction de l&rsquo;\u0153uvre repr\u00e9sent\u00e9e, Imprenta Samper offre des formats horizontaux \/ verticaux. Des papiers enduits brillants sont les plus demand\u00e9s pour l&rsquo;occasion.<\/p>\n<\/div><div class=\"fusion-clearfix\"><\/div>\n\n\t\t\t\t\t<\/div>\n\t\t\t\t<\/div><div  class=\"fusion-layout-column fusion_builder_column fusion_builder_column_1_2  fusion-one-half fusion-column-last 1_2\"  style='margin-top:0px;margin-bottom:20px;width:50%;width:calc(50% - ( ( 4% ) * 0.5 ) );'>\n\t\t\t\t\t<div class=\"fusion-column-wrapper\" style=\"background-position:left top;background-repeat:no-repeat;-webkit-background-size:cover;-moz-background-size:cover;-o-background-size:cover;background-size:cover;\"  data-bg-url=\"\">\n\t\t\t\t\t\t<div class=\"fusion-image-carousel fusion-image-carousel-auto lightbox-enabled\"><div class=\"fusion-carousel\" data-autoplay=\"no\" data-columns=\"1\" data-itemmargin=\"13\" data-itemwidth=\"180\" data-touchscroll=\"no\" data-imagesize=\"auto\"><div class=\"fusion-carousel-positioner\"><ul class=\"fusion-carousel-holder\"><li class=\"fusion-carousel-item\"><div class=\"fusion-carousel-item-wrapper\"><div class=\"fusion-image-wrapper hover-type-none\"><a data-rel=\"iLightbox[gallery_image_6]\" data-title=\"LAMINAS_05web\" aria-label=\"LAMINAS_05web\" href=\"https:\/\/samperimpresores.com\/wp-content\/uploads\/2017\/07\/LAMINAS_05web.jpg\" target=\"_self\"><img width=\"1200\" height=\"800\" src=\"https:\/\/samperimpresores.com\/wp-content\/uploads\/2017\/07\/LAMINAS_05web.jpg\" class=\"attachment-full size-full\" alt=\"\" decoding=\"async\" loading=\"lazy\" srcset=\"https:\/\/samperimpresores.com\/wp-content\/uploads\/2017\/07\/LAMINAS_05web-200x133.jpg 200w, https:\/\/samperimpresores.com\/wp-content\/uploads\/2017\/07\/LAMINAS_05web-400x267.jpg 400w, https:\/\/samperimpresores.com\/wp-content\/uploads\/2017\/07\/LAMINAS_05web-600x400.jpg 600w, https:\/\/samperimpresores.com\/wp-content\/uploads\/2017\/07\/LAMINAS_05web-700x467.jpg 700w, https:\/\/samperimpresores.com\/wp-content\/uploads\/2017\/07\/LAMINAS_05web-768x512.jpg 768w, https:\/\/samperimpresores.com\/wp-content\/uploads\/2017\/07\/LAMINAS_05web-800x533.jpg 800w, https:\/\/samperimpresores.com\/wp-content\/uploads\/2017\/07\/LAMINAS_05web-1024x683.jpg 1024w, https:\/\/samperimpresores.com\/wp-content\/uploads\/2017\/07\/LAMINAS_05web.jpg 1200w\" sizes=\"(max-width: 1200px) 100vw, 1200px\" \/><\/a><\/div><\/div><\/li><\/ul><div class=\"fusion-carousel-nav\"><span class=\"fusion-nav-prev\"><\/span><span class=\"fusion-nav-next\"><\/span><\/div><\/div><\/div><\/div><div class=\"fusion-text\"><p style=\"text-align: center; border-bottom: 1px solid #eee; padding-bottom: 10px;\"><span style=\"font-size: 22pt; color: #c2a44b;\"><strong>Banners sets de table\u00a0<\/strong><\/span><br \/>\n <strong>Client:<\/strong>\u00a0<strong>GROUPE <\/strong>ARIANE<\/p>\n<p>Notre client fran\u00e7ais nous a demand\u00e9 des solutions plastiques pour le rev\u00eatement de ses planches. Quelle meilleure solution que le capsulage soud\u00e9 des 2 plastiques PVC (opaque arri\u00e8re\/ transparent couverture). La qualit\u00e9 de l&rsquo;impression et la finition de Samper Impresores sont \u00e9videntes.<\/p>\n<\/div><div class=\"fusion-clearfix\"><\/div>\n\n\t\t\t\t\t<\/div>\n\t\t\t\t<\/div><\/div><\/div><\/p>\n","protected":false},"excerpt":{"rendered":"","protected":false},"author":1,"featured_media":0,"parent":0,"menu_order":0,"comment_status":"closed","ping_status":"closed","template":"100-width.php","meta":{"_mi_skip_tracking":false},"_links":{"self":[{"href":"https:\/\/samperimpresores.com\/fr\/wp-json\/wp\/v2\/pages\/1092"}],"collection":[{"href":"https:\/\/samperimpresores.com\/fr\/wp-json\/wp\/v2\/pages"}],"about":[{"href":"https:\/\/samperimpresores.com\/fr\/wp-json\/wp\/v2\/types\/page"}],"author":[{"embeddable":true,"href":"https:\/\/samperimpresores.com\/fr\/wp-json\/wp\/v2\/users\/1"}],"replies":[{"embeddable":true,"href":"https:\/\/samperimpresores.com\/fr\/wp-json\/wp\/v2\/comments?post=1092"}],"version-history":[{"count":8,"href":"https:\/\/samperimpresores.com\/fr\/wp-json\/wp\/v2\/pages\/1092\/revisions"}],"predecessor-version":[{"id":1100,"href":"https:\/\/samperimpresores.com\/fr\/wp-json\/wp\/v2\/pages\/1092\/revisions\/1100"}],"wp:attachment":[{"href":"https:\/\/samperimpresores.com\/fr\/wp-json\/wp\/v2\/media?parent=1092"}],"curies":[{"name":"wp","href":"https:\/\/api.w.org\/{rel}","templated":true}]}}