{"id":1115,"date":"2017-11-21T10:01:49","date_gmt":"2017-11-21T08:01:49","guid":{"rendered":"https:\/\/samperimpresores.com\/faisons-connaissance\/"},"modified":"2018-03-16T13:42:14","modified_gmt":"2018-03-16T11:42:14","slug":"faisons-connaissance","status":"publish","type":"page","link":"https:\/\/samperimpresores.com\/fr\/faisons-connaissance\/","title":{"rendered":"FAISONS CONNAISSANCE"},"content":{"rendered":"<p><div class=\"fusion-fullwidth fullwidth-box nonhundred-percent-fullwidth non-hundred-percent-height-scrolling\"  style='background-color: #ffffff;background-position: center bottom;background-repeat: repeat-x;padding-top:0px;padding-right:0px;padding-bottom:20px;padding-left:0px;border-top-width:0px;border-bottom-width:0px;border-color:#eae9e9;border-top-style:solid;border-bottom-style:solid;'><div class=\"fusion-builder-row fusion-row \"><div  class=\"fusion-layout-column fusion_builder_column fusion_builder_column_1_1  fusion-one-full fusion-column-first fusion-column-last 1_1\"  style='margin-top:0px;margin-bottom:0px;'>\n\t\t\t\t\t<div class=\"fusion-column-wrapper\" style=\"padding: 40px 0px 40px 0px;background-position:left top;background-repeat:no-repeat;-webkit-background-size:cover;-moz-background-size:cover;-o-background-size:cover;background-size:cover;\"  data-bg-url=\"\">\n\t\t\t\t\t\t<div class=\"fusion-text\"><h2 style=\"text-align: center;\">FAISONS CONNAISSANCE<\/h2>\n<p>&nbsp;<\/p>\n<\/div><div class=\"fusion-text\"><h1 style=\"text-align: center;\">Samper Impresores Imprimerie Graphique<\/h1>\n<p>&nbsp;<\/p>\n<\/div><div class=\"imageframe-align-center\"><span class=\"fusion-imageframe imageframe-none imageframe-1 hover-type-none fusion-animated\" data-animationType=\"slideInUp\" data-animationDuration=\"0.3\" data-animationOffset=\"100%\"><img decoding=\"async\" src=\"\n<p>https:\/\/samperimpresores.com\/wp-content\/uploads\/2017\/05\/detalle-01-01.png<\/p>\n\" width=\"\" height=\"\" alt=\"\" title=\"\" class=\"img-responsive\"\/><\/span><\/div><div class=\"fusion-clearfix\"><\/div>\n\n\t\t\t\t\t<\/div>\n\t\t\t\t<\/div><div  class=\"fusion-layout-column fusion_builder_column fusion_builder_column_1_2  fusion-one-half fusion-column-first 1_2\"  style='margin-top:0px;margin-bottom:10px;width:50%;width:calc(50% - ( ( 4% ) * 0.5 ) );margin-right: 4%;'>\n\t\t\t\t\t<div class=\"fusion-column-wrapper\" style=\"padding: 0px 0px 0px 0px;background-position:left top;background-repeat:no-repeat;-webkit-background-size:cover;-moz-background-size:cover;-o-background-size:cover;background-size:cover;\"  data-bg-url=\"\">\n\t\t\t\t\t\t<div class=\"fusion-text\"><p>Samper Impresores est une soci\u00e9t\u00e9 de graphisme pr\u00e9sente depuis de nombreuses ann\u00e9es sur le march\u00e9 et qui depuis 2016 appartient \u00e0 Imprenta Garcinu\u00f1o, S.L. Son parcours est marqu\u00e9 par une excellente r\u00e9putation dans le secteur o\u00f9 elle est consid\u00e9r\u00e9e comme une soci\u00e9t\u00e9 de pointe tant sur le march\u00e9 espagnol que le march\u00e9 \u00e9tranger.<\/p>\n<p>Elle fait actuellement partie du Grupo Gr\u00e1fico Garcinu\u00f1o, r\u00e9connu comme l\u2019un des groupes de graphisme offrant le meilleur potentiel de la r\u00e9gion nord espagnole.<\/p>\n<p>Samper Impresores m\u00e8ne au sein du Groupe une strat\u00e9gie d&rsquo;expansion claire, fortement marqu\u00e9e par son caract\u00e8re international. La France, l\u2019Angleterre, la Su\u00e8de et la Suisse sont nos principales \u00ab\u00a0Zones d&rsquo;attraits\u00bb, dans lesquelles nous proposons un service cl\u00e9s en main qui nous pousse \u00e0 rester exigents et \u00e0 nous d\u00e9passer .<\/p>\n<p>Sa vertu principale r\u00e9side dans son potentiel humain. Le personnel, form\u00e9 dans de c\u00e9l\u00e8bres entreprises graphiques , mise sur l&rsquo;esprit de famille qui impr\u00e8gne la soci\u00e9t\u00e9, ce qui souligne notre engagement incontestable. Nous disposons d\u2019une \u00e9quipe polyvalente experte en plusieurs disciplines,\u00a0\u00a0 et form\u00e9e dans les diff\u00e9rents domaines de production, toujours au service du client.<\/p>\n<h4>\u00a0<\/h4>\n<p>Nous devons \u00e9galement mentionner les moyens techniques. Heidelberg est notre grand alli\u00e9 dans le domaine de l\u2019impression, du fa\u00e7onnage et du pliage. Nous optons pour\u00a0 le meilleur.\u00a0Fiabilit\u00e9 et productivit\u00e9 sont leurs deux meilleures cartes de visite.<\/p>\n<p>Le grand parc de machines dont Samper dispose nous permet de couvrir avec succ\u00e8s\u00a0 des plus petites commandes d\u2019impression num\u00e9rique jusqu&rsquo;aux plus grands tirages (\u00e0 la limite des rotatives).<\/p>\n<p style=\"text-align: justify;\">[\/fusion_toggle][\/fusion_accordion]<\/p>\n<p>\n<\/div><div class=\"fusion-clearfix\"><\/div>\n\n\t\t\t\t\t<\/div>\n\t\t\t\t<\/div><div  class=\"fusion-layout-column fusion_builder_column fusion_builder_column_1_2  fusion-one-half fusion-column-last 1_2\"  style='margin-top:0px;margin-bottom:20px;width:50%;width:calc(50% - ( ( 4% ) * 0.5 ) );'>\n\t\t\t\t\t<div class=\"fusion-column-wrapper\" style=\"padding: 10px 0px 0px 0px;background-position:left top;background-repeat:no-repeat;-webkit-background-size:cover;-moz-background-size:cover;-o-background-size:cover;background-size:cover;\"  data-bg-url=\"\">\n\t\t\t\t\t\t<div class=\"fusion-builder-row fusion-builder-row-inner fusion-row \"><div  class=\"fusion-layout-column fusion_builder_column fusion_builder_column_1_1  fusion-one-full fusion-column-first fusion-column-last 1_1\"  style='margin-top: 0px;margin-bottom: 20px;'>\n\t\t\t\t\t<div class=\"fusion-column-wrapper\" style=\"padding: 0px 0px 0px 0px;background-position:left top;background-repeat:no-repeat;-webkit-background-size:cover;-moz-background-size:cover;-o-background-size:cover;background-size:cover;\"  data-bg-url=\"\">\n\t\t\t\t\t\t<div class=\"imageframe-align-center\"><span class=\"fusion-imageframe imageframe-none imageframe-2 hover-type-none\"><img decoding=\"async\" src=\"\n<p>https:\/\/samperimpresores.com\/wp-content\/uploads\/2017\/06\/logo-grupo-garcinuno01-01-e1501227171758.jpg<\/p>\n\" width=\"\" height=\"\" alt=\"\" title=\"\" class=\"img-responsive\"\/><\/span><\/div>\n\n\t\t\t\t\t<\/div>\n\t\t\t\t<\/div><\/div><div class=\"fusion-builder-row fusion-builder-row-inner fusion-row \"><div  class=\"fusion-layout-column fusion_builder_column fusion_builder_column_1_3  fusion-one-third fusion-column-first fusion-spacing-no 1_3\"  style='margin-top: 0px;margin-bottom: 20px;width:33.33%;width:calc(33.33% - ( ( 0 + 0 ) * 0.3333 ) );margin-right:0px;'>\n\t\t\t\t\t<div class=\"fusion-column-wrapper\" style=\"padding: 0 0 0 0;background-position:left top;background-repeat:no-repeat;-webkit-background-size:cover;-moz-background-size:cover;-o-background-size:cover;background-size:cover;\"  data-bg-url=\"\">\n\t\t\t\t\t\t<div class=\"imageframe-align-center\"><div class=\"imageframe-liftup\"><span class=\"fusion-imageframe imageframe-none imageframe-3\"><a class=\"fusion-no-lightbox\" href=\"https:\/\/imprentagarcinuno.com\/\" target=\"_self\"><img decoding=\"async\" src=\"\n<p>http:\/\/imprentagarcinuno.com\/wp-content\/uploads\/2017\/03\/logo-garcinuno.jpg<\/p>\n\" width=\"\" height=\"\" alt=\"\" class=\"img-responsive\"\/><\/a><\/span><\/div><\/div>\n\n\t\t\t\t\t<\/div>\n\t\t\t\t<\/div><div  class=\"fusion-layout-column fusion_builder_column fusion_builder_column_1_3  fusion-one-third fusion-spacing-no 1_3\"  style='margin-top: 0px;margin-bottom: 20px;width:33.33%;width:calc(33.33% - ( ( 0 + 0 ) * 0.3333 ) );margin-right:0px;'>\n\t\t\t\t\t<div class=\"fusion-column-wrapper\" style=\"padding: 0 0 0 0;background-position:left top;background-repeat:no-repeat;-webkit-background-size:cover;-moz-background-size:cover;-o-background-size:cover;background-size:cover;\"  data-bg-url=\"\">\n\t\t\t\t\t\t<div class=\"imageframe-align-center\"><div class=\"imageframe-liftup\"><span class=\"fusion-imageframe imageframe-none imageframe-4\"><a class=\"fusion-no-lightbox\" href=\"https:\/\/www.samperimpresores.com\/\" target=\"_self\"><img decoding=\"async\" src=\"\n<p>http:\/\/imprentagarcinuno.com\/wp-content\/uploads\/2017\/03\/logo-semper.jpg<\/p>\n\" width=\"\" height=\"\" alt=\"\" class=\"img-responsive\"\/><\/a><\/span><\/div><\/div>\n\n\t\t\t\t\t<\/div>\n\t\t\t\t<\/div><div  class=\"fusion-layout-column fusion_builder_column fusion_builder_column_1_3  fusion-one-third fusion-column-last fusion-spacing-no 1_3\"  style='margin-top: 0px;margin-bottom: 20px;width:33.33%;width:calc(33.33% - ( ( 0 + 0 ) * 0.3333 ) );'>\n\t\t\t\t\t<div class=\"fusion-column-wrapper\" style=\"padding: 0 0 0 0;background-position:left top;background-repeat:no-repeat;-webkit-background-size:cover;-moz-background-size:cover;-o-background-size:cover;background-size:cover;\"  data-bg-url=\"\">\n\t\t\t\t\t\t<div class=\"imageframe-align-center\"><div class=\"imageframe-liftup\"><span class=\"fusion-imageframe imageframe-none imageframe-5\"><a class=\"fusion-no-lightbox\" href=\"http:\/\/www.plotea.es\/\" target=\"_self\"><img decoding=\"async\" src=\"\n<p>http:\/\/imprentagarcinuno.com\/wp-content\/uploads\/2017\/03\/logo-semper1.jpg<\/p>\n\" width=\"\" height=\"\" alt=\"\" class=\"img-responsive\"\/><\/a><\/span><\/div><\/div>\n\n\t\t\t\t\t<\/div>\n\t\t\t\t<\/div><\/div><div class=\"fusion-clearfix\"><\/div>\n\n\t\t\t\t\t<\/div>\n\t\t\t\t<\/div><div  class=\"fusion-layout-column fusion_builder_column fusion_builder_column_1_1  fusion-one-full fusion-column-first fusion-column-last fusion-blend-mode 1_1\"  style='margin-top:0px;margin-bottom:20px;'>\n\t\t\t\t\t<div class=\"fusion-column-wrapper\" style=\"background-color:rgba(194,164,75,0);padding: 0px 0px 0px 0px;background-position:left top;background-repeat:no-repeat;-webkit-background-size:cover;-moz-background-size:cover;-o-background-size:cover;background-size:cover;\"  data-bg-url=\"\">\n\t\t\t\t\t\t<div class=\"imageframe-align-center\"><span class=\"fusion-imageframe imageframe-none imageframe-6 hover-type-none fusion-animated\" data-animationType=\"slideInUp\" data-animationDuration=\"0.3\" data-animationOffset=\"100%\"><img decoding=\"async\" src=\"\n<p>https:\/\/samperimpresores.com\/wp-content\/uploads\/2017\/05\/detalle-01-01.png<\/p>\n\" width=\"\" height=\"\" alt=\"\" title=\"\" class=\"img-responsive\"\/><\/span><\/div><div class=\"fusion-sep-clear\"><\/div><div class=\"fusion-separator fusion-full-width-sep sep-none\" style=\"margin-left: auto;margin-right: auto;margin-top:10px;margin-bottom:10px;\"><\/div><div class=\"fusion-text\"><h6 style=\"text-align: center;\"><strong>Il ne nous reste qu\u2019\u00e0 vous inviter \u00e0 nous rencontrer.<br \/>\n Nos portes sont grandes ouvertes. Une nouvelle \u00e9tape, pour de nouveaux d\u00e9fis.<br \/>\n Nous vous attendons<\/strong><\/h6>\n<p>&nbsp;<\/p>\n<\/div><div class=\"fusion-clearfix\"><\/div>\n\n\t\t\t\t\t<\/div>\n\t\t\t\t<\/div><\/div><\/div><div class=\"fusion-fullwidth fullwidth-box nonhundred-percent-fullwidth non-hundred-percent-height-scrolling\"  style='background-color: #512d6d;background-position: center center;background-repeat: no-repeat;padding-top:80px;padding-right:0px;padding-bottom:50px;padding-left:0px;'><div class=\"fusion-builder-row fusion-row \"><div  class=\"fusion-layout-column fusion_builder_column fusion_builder_column_1_1  fusion-one-full fusion-column-first fusion-column-last fusion-column-no-min-height 1_1\"  style='margin-top:0px;margin-bottom:-30px;'>\n\t\t\t\t\t<div class=\"fusion-column-wrapper\" style=\"padding: 0px 0px 0px 0px;background-position:left top;background-repeat:no-repeat;-webkit-background-size:cover;-moz-background-size:cover;-o-background-size:cover;background-size:cover;\"  data-bg-url=\"\">\n\t\t\t\t\t\t<div class=\"fusion-column-content-centered\"><div class=\"fusion-column-content\"><div class=\"fusion-text\"><h2 style=\"text-align: center;\"><span style=\"color: #fff;\">Nos comp\u00e9tences<\/span><\/h2>\n<p>&nbsp;<\/p>\n<\/div><div class=\"fusion-text\"><h6 style=\"text-align: center;\"><span style=\"color: #ccc;\">L&rsquo;exp\u00e9rience et le savoir-faire acquis est notre meilleur atout, gr\u00e2ce auquel nos clients se d\u00e9clarent tr\u00e8s largement satisfaits.<\/span><\/h6>\n<p>&nbsp;<\/p>\n<\/div><div class=\"fusion-sep-clear\"><\/div><div class=\"fusion-separator fusion-full-width-sep sep-none\" style=\"margin-left: auto;margin-right: auto;margin-top:10px;margin-bottom:10px;\"><\/div><\/div><\/div><div class=\"fusion-clearfix\"><\/div>\n\n\t\t\t\t\t<\/div>\n\t\t\t\t<\/div><div  class=\"fusion-layout-column fusion_builder_column fusion_builder_column_1_3  fusion-one-third fusion-column-first fusion-blend-mode 1_3\"  style='margin-top:10px;margin-bottom:60px;width:30.6666%; margin-right: 4%;'>\n\t\t\t\t\t<div class=\"fusion-column-wrapper\" style=\"background-color:transparent;padding: 0px 0px 0px 0px;background-position:left top;background-repeat:no-repeat;-webkit-background-size:cover;-moz-background-size:cover;-o-background-size:cover;background-size:cover;\"  data-bg-url=\"\">\n\t\t\t\t\t\t<div class=\"imageframe-align-center\"><span style=\"-webkit-border-radius:50%;-moz-border-radius:50%;border-radius:50%;-webkit-mask-image: -webkit-radial-gradient(circle, white, black);\" class=\"fusion-imageframe imageframe-none imageframe-7 hover-type-none\"><img decoding=\"async\" src=\"\n<p>https:\/\/samperimpresores.com\/wp-content\/uploads\/2017\/06\/samper-impresores-conocenos-01-01-700x700.jpg<\/p>\n\" width=\"\" height=\"\" alt=\"\" title=\"\" class=\"img-responsive\" style=\"-webkit-border-radius:50%;-moz-border-radius:50%;border-radius:50%;\"\/><\/span><\/div><div class=\"fusion-sep-clear\"><\/div><div class=\"fusion-separator fusion-full-width-sep sep-none\" style=\"margin-left: auto;margin-right: auto;margin-top:10px;margin-bottom:10px;\"><\/div><div class=\"fusion-text\"><p class=\"texto-h1\" style=\"letter-spacing: 0px!important; margin-bottom: 10px!important;\"><span style=\"font-size: 30px; color: #ffffff;\">Talent et imagination appliqu\u00e9s \u00e0 la production<\/span><\/p>\n<p>&nbsp;<\/p>\n<\/div><div class=\"fusion-sep-clear\"><\/div><div class=\"fusion-separator fusion-full-width-sep sep-none\" style=\"margin-left: auto;margin-right: auto;margin-top:22px;\"><\/div><div class=\"fusion-progressbar fusion-progressbar-text-on-bar\"><div style=\"background-color:#ffffff;height:30px;\" class=\"fusion-progressbar-bar progress-bar progress-striped active\"><div class=\"progress progress-bar-content\" style=\"width:0%;background-color:#c2a44b;border: 0px solid #ffffff;\" role=\"progressbar\" aria-valuemin=\"0\" aria-valuemax=\"100\" aria-valuenow=\"90\"><\/div><\/div> <span class=\"progress-title\" style=\"color:#ffffff;\"><span class=\"fusion-progressbar-text\"><\/span> <span class=\"fusion-progressbar-value\">90%<\/span><\/span><\/div><div class=\"fusion-clearfix\"><\/div>\n\n\t\t\t\t\t<\/div>\n\t\t\t\t<\/div><div  class=\"fusion-layout-column fusion_builder_column fusion_builder_column_1_3  fusion-one-third fusion-blend-mode 1_3\"  style='margin-top:10px;margin-bottom:60px;width:30.6666%; margin-right: 4%;'>\n\t\t\t\t\t<div class=\"fusion-column-wrapper\" style=\"background-color:transparent;padding: 0px 0px 0px 0px;background-position:left top;background-repeat:no-repeat;-webkit-background-size:cover;-moz-background-size:cover;-o-background-size:cover;background-size:cover;\"  data-bg-url=\"\">\n\t\t\t\t\t\t<div class=\"imageframe-align-center\"><span style=\"-webkit-border-radius:50%;-moz-border-radius:50%;border-radius:50%;-webkit-mask-image: -webkit-radial-gradient(circle, white, black);\" class=\"fusion-imageframe imageframe-none imageframe-8 hover-type-none\"><img decoding=\"async\" src=\"\n<p>https:\/\/samperimpresores.com\/wp-content\/uploads\/2017\/09\/samper-impresores-conocenos-02-01b-700x700.jpg<\/p>\n\" width=\"\" height=\"\" alt=\"\" title=\"\" class=\"img-responsive\" style=\"-webkit-border-radius:50%;-moz-border-radius:50%;border-radius:50%;\"\/><\/span><\/div><div class=\"fusion-sep-clear\"><\/div><div class=\"fusion-separator fusion-full-width-sep sep-none\" style=\"margin-left: auto;margin-right: auto;margin-top:10px;margin-bottom:10px;\"><\/div><div class=\"fusion-text\"><p class=\"texto-h1\" style=\"letter-spacing: 0px!important; margin-bottom: 10px!important;\"><span style=\"font-size: 30px; color: #ffffff;\">Personalizaci\u00f3n ONE to ONE. A tu medida<\/span><\/p>\n<p>&nbsp;<\/p>\n<\/div><div class=\"fusion-progressbar fusion-progressbar-text-on-bar\"><div style=\"background-color:#ffffff;height:30px;\" class=\"fusion-progressbar-bar progress-bar progress-striped active\"><div class=\"progress progress-bar-content\" style=\"width:0%;background-color:#c2a44b;border: 0px solid #ffffff;\" role=\"progressbar\" aria-valuemin=\"0\" aria-valuemax=\"100\" aria-valuenow=\"80\"><\/div><\/div> <span class=\"progress-title\" style=\"color:#ffffff;\"><span class=\"fusion-progressbar-text\"><\/span> <span class=\"fusion-progressbar-value\">80%<\/span><\/span><\/div><div class=\"fusion-clearfix\"><\/div>\n\n\t\t\t\t\t<\/div>\n\t\t\t\t<\/div><div  class=\"fusion-layout-column fusion_builder_column fusion_builder_column_1_3  fusion-one-third fusion-column-last fusion-blend-mode 1_3\"  style='margin-top:10px;margin-bottom:60px;width:30.6666%'>\n\t\t\t\t\t<div class=\"fusion-column-wrapper\" style=\"background-color:transparent;padding: 0px 0px 0px 0px;background-position:left top;background-repeat:no-repeat;-webkit-background-size:cover;-moz-background-size:cover;-o-background-size:cover;background-size:cover;\"  data-bg-url=\"\">\n\t\t\t\t\t\t<div class=\"imageframe-align-center\"><span style=\"-webkit-border-radius:50%;-moz-border-radius:50%;border-radius:50%;-webkit-mask-image: -webkit-radial-gradient(circle, white, black);\" class=\"fusion-imageframe imageframe-none imageframe-9 hover-type-none\"><img decoding=\"async\" src=\"\n<p>https:\/\/samperimpresores.com\/wp-content\/uploads\/2017\/06\/samper-impresores-conocenos-03-01-700x700.jpg<\/p>\n\" width=\"\" height=\"\" alt=\"\" title=\"\" class=\"img-responsive\" style=\"-webkit-border-radius:50%;-moz-border-radius:50%;border-radius:50%;\"\/><\/span><\/div><div class=\"fusion-sep-clear\"><\/div><div class=\"fusion-separator fusion-full-width-sep sep-none\" style=\"margin-left: auto;margin-right: auto;margin-top:10px;margin-bottom:10px;\"><\/div><div class=\"fusion-text\"><p class=\"texto-h1\" style=\"letter-spacing: 0px!important; margin-bottom: 10px!important;\"><span style=\"font-size: 30px; color: #ffffff;\">Talento e imaginaci\u00f3n aplicado a la producci\u00f3n<\/span><\/p>\n<p>&nbsp;<\/p>\n<\/div><div class=\"fusion-progressbar fusion-progressbar-text-on-bar\"><div style=\"background-color:#ffffff;height:30px;\" class=\"fusion-progressbar-bar progress-bar progress-striped active\"><div class=\"progress progress-bar-content\" style=\"width:0%;background-color:#c2a44b;border: 0px solid #ffffff;\" role=\"progressbar\" aria-valuemin=\"0\" aria-valuemax=\"100\" aria-valuenow=\"100\"><\/div><\/div> <span class=\"progress-title\" style=\"color:#ffffff;\"><span class=\"fusion-progressbar-text\"><\/span> <span class=\"fusion-progressbar-value\">100%<\/span><\/span><\/div><div class=\"fusion-clearfix\"><\/div>\n\n\t\t\t\t\t<\/div>\n\t\t\t\t<\/div><\/div><\/div><div class=\"fusion-fullwidth fullwidth-box nonhundred-percent-fullwidth non-hundred-percent-height-scrolling fusion-equal-height-columns\"  style='background-color: #ffffff;background-position: center bottom;background-repeat: repeat-x;padding-top:50px;padding-right:0px;padding-bottom:20px;padding-left:0px;border-top-width:0px;border-bottom-width:0px;border-color:#eae9e9;border-top-style:solid;border-bottom-style:solid;'><div class=\"fusion-builder-row fusion-row \"><div  class=\"fusion-layout-column fusion_builder_column fusion_builder_column_1_2  fusion-one-half fusion-column-first fusion-blend-mode 1_2\"  style='margin-top:0px;margin-bottom:20px;width:50%;width:calc(50% - ( ( 4% ) * 0.5 ) );margin-right: 4%;'>\n\t\t\t\t\t<div class=\"fusion-column-wrapper\" style=\"background-color:#f2f2f2;padding: 30px 30px 30px 30px;background-position:left top;background-repeat:no-repeat;-webkit-background-size:cover;-moz-background-size:cover;-o-background-size:cover;background-size:cover;\"  data-bg-url=\"\">\n\t\t\t\t\t\t<div class=\"fusion-text\"><h4 class=\"texto-h1\"><span style=\"color: #c2a44b; font-size: 20px;\">La qualit\u00e9, notre raison d&rsquo;\u00eatre<\/span><\/h4>\n<p>&nbsp;<\/p>\n<\/div><div class=\"fusion-text\"><p style=\"text-align: justify;\">Si Samper est reconnue et r\u00e9compens\u00e9e , c&rsquo;est bien pour sa Qualit\u00e9. La qualit\u00e9 en lettres majuscules qui va au-del\u00e0 d\u2019une\u00a0 simple impression. L&rsquo;apport d\u2019id\u00e9es innovantes auxquelles nous appliquons des techniques d&rsquo;avant-garde fait partie de notre ADN. L&rsquo;extraordinaire qualification professionnelle de notre personnel et l\u2019utilisation des syst\u00e8mes de contr\u00f4le les plus sophistiqu\u00e9s du march\u00e9 rendent cela possible.<\/p>\n<p style=\"text-align: justify;\"><span style=\"color: #512d6d;\"><strong>\u00b7 Objectif: QUALIT\u00c9 TOTALE \u00b7<\/strong><\/span><\/p>\n<p>Notre expertise a \u00e9t\u00e9 reconnue avec l\u2019obtention du certificat ISO 9001:2008 audit\u00e9 par Bureau Veritas. Notre syst\u00e8me de gestion en est la cl\u00e9\u00a0 pour atteindre le succ\u00e8s et la garantie d&rsquo;un savoir-faire.<\/p>\n<\/div><div class=\"imageframe-align-center\"><span class=\"fusion-imageframe imageframe-none imageframe-10 hover-type-none\"><img decoding=\"async\" src=\"\n<p>https:\/\/samperimpresores.com\/wp-content\/uploads\/2017\/06\/logo-iso-01-1.jpg<\/p>\n\" width=\"\" height=\"\" alt=\"\" title=\"\" class=\"img-responsive\"\/><\/span><\/div><div class=\"fusion-clearfix\"><\/div>\n\n\t\t\t\t\t<\/div>\n\t\t\t\t<\/div><div  class=\"fusion-layout-column fusion_builder_column fusion_builder_column_1_2  fusion-one-half fusion-column-last fusion-blend-mode 1_2\"  style='margin-top:0px;margin-bottom:20px;width:50%;width:calc(50% - ( ( 4% ) * 0.5 ) );'>\n\t\t\t\t\t<div class=\"fusion-column-wrapper\" style=\"background-color:#f4f4f4;padding: 30px 30px 30px 30px;background-position:left top;background-repeat:no-repeat;-webkit-background-size:cover;-moz-background-size:cover;-o-background-size:cover;background-size:cover;\"  data-bg-url=\"\">\n\t\t\t\t\t\t<div class=\"fusion-text\"><h2 class=\"texto-h1\"><span style=\"color: #c2a44b; font-size: 20px;\">Certificaciones environnementales<\/span><\/h2>\n<p>&nbsp;<\/p>\n<\/div><div class=\"fusion-text\"><p>\u00c0 Samper Impresores, nous avons introduit une politique environnementale dans laquelle nous misons sur le d\u00e9veloppement durable. Nous mettons tout en \u0153uvre pour encourager la gestion responsable de nos for\u00eats en garantissant l\u2019application du processus correct du produit graphique. Les planches, les encres et les emballages sont conformes aux normes communautaires.<\/p>\n<p style=\"text-align: justify;\">Et les fabricants de papier garantissent les crit\u00e8res de durabilit\u00e9 foresti\u00e8re lorsqu\u2019ils nous fournissent la mati\u00e8re premi\u00e8re avec une certification de cha\u00eene de conservation FSC\u00ae et PEFC.<\/p>\n<\/div><div class=\"imageframe-align-center\"><span class=\"fusion-imageframe imageframe-none imageframe-11 hover-type-none\"><\/span><\/div><div class=\"fusion-clearfix\"><\/div>\n\n\t\t\t\t\t<\/div>\n\t\t\t\t<\/div><\/div><\/div><div class=\"fusion-fullwidth fullwidth-box hundred-percent-fullwidth non-hundred-percent-height-scrolling\"  style='background-color: #c2a44b;background-position: left top;background-repeat: no-repeat;padding-top:60px;padding-bottom:50px;border-top-width:0px;border-bottom-width:0px;border-color:#eae9e9;border-top-style:solid;border-bottom-style:solid;'><div class=\"fusion-builder-row fusion-row \"><div  class=\"fusion-layout-column fusion_builder_column fusion_builder_column_1_1  fusion-one-full fusion-column-first fusion-column-last fusion-column-no-min-height 1_1\"  style='margin-top:0px;margin-bottom:0px;'>\n\t\t\t\t\t<div class=\"fusion-column-wrapper\" style=\"padding: 0px 0px 0px 0px;background-position:left top;background-repeat:no-repeat;-webkit-background-size:cover;-moz-background-size:cover;-o-background-size:cover;background-size:cover;\"  data-bg-url=\"\">\n\t\t\t\t\t\t<div class=\"fusion-text\"><h4 class=\"texto-h2\" style=\"color: #fff;\"><span style=\"color: #fff;\">NOUS R\u00c9PONDONS \u00c0 VOS QUESTIONS <\/span><\/h4>\n<p>&nbsp;<\/p>\n<\/div><div class=\"fusion-sep-clear\"><\/div><div class=\"fusion-separator fusion-full-width-sep sep-none\" style=\"margin-left: auto;margin-right: auto;margin-top:20px;\"><\/div><div class=\"fusion-text\"><h4 class=\"texto-h1\" style=\"text-align: center;\"><span class=\"tel-pie\">(+34) 94 486 38 28<\/span><br \/>\n <span style=\"color: #ffffff; font-weight: 100!important; font-size: 24px!important;\">marketing@samperimpresores.com<\/span><\/h4>\n<p>&nbsp;<\/p>\n<\/div><div class=\"fusion-button-wrapper fusion-aligncenter\"><style type=\"text\/css\" scoped=\"scoped\">.fusion-button.button-1 .fusion-button-text, .fusion-button.button-1 i {color:#ffffff;}.fusion-button.button-1 {border-width:1px;border-color:#ffffff;}.fusion-button.button-1 .fusion-button-icon-divider{border-color:#ffffff;}.fusion-button.button-1:hover .fusion-button-text, .fusion-button.button-1:hover i,.fusion-button.button-1:focus .fusion-button-text, .fusion-button.button-1:focus i,.fusion-button.button-1:active .fusion-button-text, .fusion-button.button-1:active{color:#f2f2f2;}.fusion-button.button-1:hover, .fusion-button.button-1:focus, .fusion-button.button-1:active{border-width:1px;border-color:#f2f2f2;}.fusion-button.button-1:hover .fusion-button-icon-divider, .fusion-button.button-1:hover .fusion-button-icon-divider, .fusion-button.button-1:active .fusion-button-icon-divider{border-color:#f2f2f2;}.fusion-button.button-1{background: rgba(255,255,255,0);}.fusion-button.button-1:hover,.button-1:focus,.fusion-button.button-1:active{background: rgba(242,242,242,0.1);}.fusion-button.button-1{width:auto;}<\/style><a class=\"fusion-button button-flat fusion-button-round button-large button-custom button-1\" target=\"_self\" href=\"https:\/\/samperimpresores.com\/fr\/contact\/\"><i class=\" fa fa-angle-right button-icon-left\"><\/i><span class=\"fusion-button-text\">\n<p>CONTACTEZ-NOUS<\/p>\n<\/span><\/a><\/div><div class=\"fusion-clearfix\"><\/div>\n\n\t\t\t\t\t<\/div>\n\t\t\t\t<\/div><\/div><\/div><\/p>\n","protected":false},"excerpt":{"rendered":"","protected":false},"author":1,"featured_media":0,"parent":0,"menu_order":0,"comment_status":"closed","ping_status":"closed","template":"100-width.php","meta":{"_mi_skip_tracking":false},"_links":{"self":[{"href":"https:\/\/samperimpresores.com\/fr\/wp-json\/wp\/v2\/pages\/1115"}],"collection":[{"href":"https:\/\/samperimpresores.com\/fr\/wp-json\/wp\/v2\/pages"}],"about":[{"href":"https:\/\/samperimpresores.com\/fr\/wp-json\/wp\/v2\/types\/page"}],"author":[{"embeddable":true,"href":"https:\/\/samperimpresores.com\/fr\/wp-json\/wp\/v2\/users\/1"}],"replies":[{"embeddable":true,"href":"https:\/\/samperimpresores.com\/fr\/wp-json\/wp\/v2\/comments?post=1115"}],"version-history":[{"count":63,"href":"https:\/\/samperimpresores.com\/fr\/wp-json\/wp\/v2\/pages\/1115\/revisions"}],"predecessor-version":[{"id":1616,"href":"https:\/\/samperimpresores.com\/fr\/wp-json\/wp\/v2\/pages\/1115\/revisions\/1616"}],"wp:attachment":[{"href":"https:\/\/samperimpresores.com\/fr\/wp-json\/wp\/v2\/media?parent=1115"}],"curies":[{"name":"wp","href":"https:\/\/api.w.org\/{rel}","templated":true}]}}