{"id":1274,"date":"2017-11-21T17:48:55","date_gmt":"2017-11-21T15:48:55","guid":{"rendered":"https:\/\/samperimpresores.com\/blog\/"},"modified":"2017-11-22T13:15:53","modified_gmt":"2017-11-22T11:15:53","slug":"blog","status":"publish","type":"page","link":"https:\/\/samperimpresores.com\/fr\/blog\/","title":{"rendered":"BLOG"},"content":{"rendered":"<div class=\"fusion-fullwidth fullwidth-box nonhundred-percent-fullwidth non-hundred-percent-height-scrolling\"  style='background-color: #0a0a0a;background-position: center center;background-repeat: no-repeat;padding-top:40px;padding-right:0px;padding-bottom:50px;padding-left:0px;'><div class=\"fusion-builder-row fusion-row \"><div  class=\"fusion-layout-column fusion_builder_column fusion_builder_column_3_4  fusion-three-fourth fusion-column-first 3_4\"  style='margin-top:0px;margin-bottom:0px;width:75%;width:calc(75% - ( ( 8% ) * 0.75 ) );margin-right: 8%;'>\n\t\t\t\t\t<div class=\"fusion-column-wrapper\" style=\"padding: 40px 0px 40px 0px;background-position:left top;background-repeat:no-repeat;-webkit-background-size:cover;-moz-background-size:cover;-o-background-size:cover;background-size:cover;\"  data-bg-url=\"\">\n\t\t\t\t\t\t<div class=\"fusion-text\"><h2 style=\"text-align: center;\">BLOG DE SAMPER<\/h2>\n<p>&nbsp;<\/p>\n<\/div><div class=\"fusion-text\"><h1 style=\"text-align: center;\"><span style=\"color: #ffffff;\">D\u00e9couvrez nos nouveaut\u00e9s<\/span><\/h1>\n<p>&nbsp;<\/p>\n<\/div><div class=\"imageframe-align-center\"><span class=\"fusion-imageframe imageframe-none imageframe-1 hover-type-none fusion-animated\" data-animationType=\"slideInUp\" data-animationDuration=\"0.3\" data-animationOffset=\"100%\"><img decoding=\"async\" src=\"\n<p>https:\/\/samperimpresores.com\/wp-content\/uploads\/2017\/05\/detalle-01-01.png<\/p>\n\" width=\"\" height=\"\" alt=\"\" title=\"\" class=\"img-responsive\"\/><\/span><\/div><div class=\"fusion-sep-clear\"><\/div><div class=\"fusion-separator fusion-full-width-sep sep-none\" style=\"margin-left: auto;margin-right: auto;margin-top:15px;margin-bottom:15px;\"><\/div><div class=\"fusion-blog-shortcode fusion-blog-shortcode-1 fusion-blog-archive fusion-blog-layout-grid-wrapper fusion-blog-pagination fusion-blog-no-images\"><style type=\"text\/css\">.fusion-blog-shortcode-1 .fusion-blog-layout-grid .fusion-post-grid{padding:5px;}.fusion-blog-shortcode-1 .fusion-posts-container{margin-left: -5px !important; margin-right:-5px !important;}<\/style><div class=\"fusion-posts-container fusion-posts-container-pagination fusion-no-meta-info fusion-blog-layout-grid fusion-blog-layout-grid-3 isotope\" data-pages=\"1\" data-grid-col-space=\"10\" style=\"margin: -5px -5px 0;min-height:500px;\"><article id=\"blog-1-post-1486\" class=\"fusion-post-grid post-1486 post type-post status-publish format-standard has-post-thumbnail hentry category-blog-fr\">\n<div class=\"fusion-post-wrapper\" style=\"background-color:rgba(0,0,0,0.9);border:none;\"><div class=\"fusion-post-content-wrapper\" style=\"padding:30px 25px 20px 25px;\"><div class=\"fusion-post-content post-content\"><div class=\"fusion-post-content-container\"><p><img decoding=\"async\" loading=\"lazy\" class=\" wp-image-641 alignleft\" src=\"https:\/\/samperimpresores.com\/wp-content\/uploads\/2017\/05\/samper-impresores-impresion-catalogos-guias-blog01.jpg\" alt=\"\" width=\"558\" height=\"372\" srcset=\"https:\/\/samperimpresores.com\/wp-content\/uploads\/2017\/05\/samper-impresores-impresion-catalogos-guias-blog01-200x133.jpg 200w, https:\/\/samperimpresores.com\/wp-content\/uploads\/2017\/05\/samper-impresores-impresion-catalogos-guias-blog01-400x267.jpg 400w, https:\/\/samperimpresores.com\/wp-content\/uploads\/2017\/05\/samper-impresores-impresion-catalogos-guias-blog01-600x400.jpg 600w, https:\/\/samperimpresores.com\/wp-content\/uploads\/2017\/05\/samper-impresores-impresion-catalogos-guias-blog01-700x467.jpg 700w, https:\/\/samperimpresores.com\/wp-content\/uploads\/2017\/05\/samper-impresores-impresion-catalogos-guias-blog01-768x512.jpg 768w, https:\/\/samperimpresores.com\/wp-content\/uploads\/2017\/05\/samper-impresores-impresion-catalogos-guias-blog01-800x533.jpg 800w, https:\/\/samperimpresores.com\/wp-content\/uploads\/2017\/05\/samper-impresores-impresion-catalogos-guias-blog01-1024x683.jpg 1024w, https:\/\/samperimpresores.com\/wp-content\/uploads\/2017\/05\/samper-impresores-impresion-catalogos-guias-blog01.jpg 1200w\" sizes=\"(max-width: 558px) 100vw, 558px\" \/><\/p>\n<p>Imprenta Comercial <strong>Samper S.A.U<\/strong> tient \u00e0 remercier extraordinairement la confiance d\u00e9pos\u00e9e par le Mus\u00e9e des <strong>Beaux-Arts de Bilbao<\/strong> en la personne de son Directeur Miguel Zugaza, pour l&rsquo;ex\u00e9cution du livre de la Collection Alicia Koplowitz &#8211; Grupo Omega Capital. Une exposition in\u00e9dite dans notre pays qui pr\u00e9sente presque une centaine d&rsquo;\u0153uvres dont des peintures, des sculptures et des dessins. Un p\u00e9riple culturel qui couvre de l&rsquo;Antiquit\u00e9 classique \u00e0 nos jours.<\/p>\n<p><strong>Imprenta Samper<\/strong> a su transmettre dans son impression, tr\u00e8s fid\u00e8lement, toute l&rsquo;\u0153uvre expos\u00e9e dans le mus\u00e9e. Le travail photographique exhaustif et de retour est mis en valeur avec le grand professionnalisme de notre \u00e9quipe d&rsquo;imprimeur, pour aboutir sur un produit \u00e0 la hauteur des palais les plus exigeants du monde de l&rsquo;art.<\/p>\n<p>Cette exposition, premier projet dans la nouvelle \u00e9tape de son directeur, est d\u00e9j\u00e0 un nouveau succ\u00e8s \u00e0 ajouter \u00e0 ceux d\u00e9j\u00e0 obtenus dans sa carri\u00e8re ; et nous sommes convaincus qu&rsquo;elle servira de garantie pour de nouvelles initiatives dans laquelle Imprenta Samper donnera des preuves de ce qu&rsquo;elle sait le mieux faire : IMPRIMER.<\/p>\n<\/div><\/div><\/div><div class=\"fusion-clearfix\"><\/div><\/div>\n<\/article>\n<article id=\"blog-1-post-1484\" class=\"fusion-post-grid post-1484 post type-post status-publish format-standard has-post-thumbnail hentry category-blog-fr\">\n<div class=\"fusion-post-wrapper\" style=\"background-color:rgba(0,0,0,0.9);border:none;\"><div class=\"fusion-post-content-wrapper\" style=\"padding:30px 25px 20px 25px;\"><div class=\"fusion-post-content post-content\"><div class=\"fusion-post-content-container\"><p><img decoding=\"async\" loading=\"lazy\" class=\"alignleft wp-image-643\" src=\"https:\/\/samperimpresores.com\/wp-content\/uploads\/2017\/05\/samper-impresores-impresion-catalogos-guias-blog03.jpg\" alt=\"\" width=\"550\" height=\"367\" srcset=\"https:\/\/samperimpresores.com\/wp-content\/uploads\/2017\/05\/samper-impresores-impresion-catalogos-guias-blog03-200x133.jpg 200w, https:\/\/samperimpresores.com\/wp-content\/uploads\/2017\/05\/samper-impresores-impresion-catalogos-guias-blog03-400x267.jpg 400w, https:\/\/samperimpresores.com\/wp-content\/uploads\/2017\/05\/samper-impresores-impresion-catalogos-guias-blog03-600x400.jpg 600w, https:\/\/samperimpresores.com\/wp-content\/uploads\/2017\/05\/samper-impresores-impresion-catalogos-guias-blog03-700x467.jpg 700w, https:\/\/samperimpresores.com\/wp-content\/uploads\/2017\/05\/samper-impresores-impresion-catalogos-guias-blog03-768x512.jpg 768w, https:\/\/samperimpresores.com\/wp-content\/uploads\/2017\/05\/samper-impresores-impresion-catalogos-guias-blog03-800x533.jpg 800w, https:\/\/samperimpresores.com\/wp-content\/uploads\/2017\/05\/samper-impresores-impresion-catalogos-guias-blog03-1024x683.jpg 1024w, https:\/\/samperimpresores.com\/wp-content\/uploads\/2017\/05\/samper-impresores-impresion-catalogos-guias-blog03.jpg 1200w\" sizes=\"(max-width: 550px) 100vw, 550px\" \/><\/p>\n<p><strong>Highly Preppy<\/strong> habille une jeune fille sans complexes, sexy et d\u00e9lur\u00e9e, qui sait appr\u00e9cier la qualit\u00e9 des tissus et leur confection. Blaser, trench et manteaux de la nouvelle <strong>collection Warrior Queen<\/strong> captivent les consommatrices les plus exigeantes. Devenez une Royal Snow Guard avec les v\u00eatements chauds foisonnant de d\u00e9tails army, les grands boutons et les blasons brod\u00e9s.<\/p>\n<p><strong>Imprenta Samper<\/strong> a r\u00e9ussi \u00e0 capter l&rsquo;objectif graphique que nous exige la marque, collection apr\u00e8s collection. Fid\u00e9lit\u00e9 dans l&rsquo;impression des tissus. Nous nous appuyons pour ce faire sur une \u00e9troite collaboration avec les principaux acteurs du catalogue. Photographe, retoucheur et imprimeur conjuguent leur meilleur savoir-faire pour offrir au client final un outil basique de communication.<\/p>\n<p>Le monde de la mode, vorace et volatile, ne met pas de barri\u00e8res \u00e0 l&rsquo;imagination et \u00e0 la cr\u00e9ativit\u00e9. C&rsquo;est pourquoi Samper est un excellent compagnon de route, qui diffuse toutes les techniques graphiques et les surprenantes finitions qui nous aident \u00e0 atteindre notre but commun :\u00a0 VENDRE<\/p>\n<\/div><\/div><\/div><div class=\"fusion-clearfix\"><\/div><\/div>\n<\/article>\n<article id=\"blog-1-post-1483\" class=\"fusion-post-grid post-1483 post type-post status-publish format-standard has-post-thumbnail hentry category-blog-fr\">\n<div class=\"fusion-post-wrapper\" style=\"background-color:rgba(0,0,0,0.9);border:none;\"><div class=\"fusion-post-content-wrapper\" style=\"padding:30px 25px 20px 25px;\"><div class=\"fusion-post-content post-content\"><div class=\"fusion-post-content-container\"><p><img decoding=\"async\" loading=\"lazy\" class=\"alignleft wp-image-642\" src=\"https:\/\/samperimpresores.com\/wp-content\/uploads\/2017\/05\/samper-impresores-impresion-catalogos-guias-blog02.jpg\" alt=\"\" width=\"550\" height=\"367\" srcset=\"https:\/\/samperimpresores.com\/wp-content\/uploads\/2017\/05\/samper-impresores-impresion-catalogos-guias-blog02-200x133.jpg 200w, https:\/\/samperimpresores.com\/wp-content\/uploads\/2017\/05\/samper-impresores-impresion-catalogos-guias-blog02-400x267.jpg 400w, https:\/\/samperimpresores.com\/wp-content\/uploads\/2017\/05\/samper-impresores-impresion-catalogos-guias-blog02-600x400.jpg 600w, https:\/\/samperimpresores.com\/wp-content\/uploads\/2017\/05\/samper-impresores-impresion-catalogos-guias-blog02-700x467.jpg 700w, https:\/\/samperimpresores.com\/wp-content\/uploads\/2017\/05\/samper-impresores-impresion-catalogos-guias-blog02-768x512.jpg 768w, https:\/\/samperimpresores.com\/wp-content\/uploads\/2017\/05\/samper-impresores-impresion-catalogos-guias-blog02-800x533.jpg 800w, https:\/\/samperimpresores.com\/wp-content\/uploads\/2017\/05\/samper-impresores-impresion-catalogos-guias-blog02-1024x683.jpg 1024w, https:\/\/samperimpresores.com\/wp-content\/uploads\/2017\/05\/samper-impresores-impresion-catalogos-guias-blog02.jpg 1200w\" sizes=\"(max-width: 550px) 100vw, 550px\" \/><\/p>\n<p>Plus connu sous le nom de <strong>La Galea<\/strong>, ce <strong>club de Golf<\/strong> a \u00e9t\u00e9 fond\u00e9 en 1911, ce qui a donn\u00e9 des ann\u00e9es plus tard l&rsquo;actuel <strong>terrain de Getxo<\/strong>, avec 18 trous et une longueur de 6 280m pour un par 72. Tout au long de son histoire, de nombreuses comp\u00e9titions amateur et professionnelles y ont \u00e9t\u00e9 organis\u00e9es. Actuellement, la Sociedad dispose en outre d&rsquo;un terrain d&rsquo;apprentissage, d&rsquo;un pitch &amp; putt, de piscines, de pistes de paddle, d&rsquo;un terrain de foot et d&rsquo;un club infantile\/juv\u00e9nile.<\/p>\n<p>\u00c0 <strong>Imprenta Samper<\/strong> nous misons toujours sans rel\u00e2che sur la d\u00e9fense de l&rsquo;utilisation du papier dans la pr\u00e9sentation du rapport annuel des entreprises. Une assembl\u00e9e d&rsquo;actionnaires ne peut se passer d&rsquo;une publication avec les meilleurs mat\u00e9riaux graphiques que nous pouvons leur offrir (des papiers de diff\u00e9rentes textures et couleurs, des impressions m\u00e9tallis\u00e9es, des vernis s\u00e9lectifs, des reliefs, des secs, des estampages, des plastifications velout\u00e9es).<\/p>\n<\/div><\/div><\/div><div class=\"fusion-clearfix\"><\/div><\/div>\n<\/article>\n<div class=\"fusion-clearfix\"><\/div><\/div><\/div><div class=\"fusion-clearfix\"><\/div>\n\n\t\t\t\t\t<\/div>\n\t\t\t\t<\/div><div  class=\"fusion-layout-column fusion_builder_column fusion_builder_column_1_4  fusion-one-fourth fusion-column-first 1_4\"  style='margin-top:0px;margin-bottom:0px;width:22%; margin-right: 4%;'>\n\t\t\t\t\t<div class=\"fusion-column-wrapper\" style=\"padding: 40px 0px 40px 0px;background-position:left top;background-repeat:no-repeat;-webkit-background-size:cover;-moz-background-size:cover;-o-background-size:cover;background-size:cover;\"  data-bg-url=\"\">\n\t\t\t\t\t\t<div class=\"fusion-widget-area fusion-widget-area-1 fusion-content-widget-area\"><style type=\"text\/css\" scoped=\"scoped\">.fusion-widget-area-1 .widget h4 {color:#c3a44a;}.fusion-widget-area-1 .widget .heading h4 {color:#c3a44a;}.fusion-widget-area-1 .widget h4 {font-size:21px;}.fusion-widget-area-1 .widget .heading h4 {font-size:21px;}<\/style><section id=\"search-2\" class=\"widget widget_search\"><div class=\"heading\"><h4 class=\"widget-title\">Search<\/h4><\/div><form role=\"search\" class=\"searchform\" method=\"get\" action=\"https:\/\/samperimpresores.com\/fr\/\">\n\t<div class=\"search-table\">\n\t\t<div class=\"search-field\">\n\t\t\t<input type=\"text\" value=\"\" name=\"s\" class=\"s\" placeholder=\"Search ...\" required aria-required=\"true\" aria-label=\"Search ...\"\/>\n\t\t<\/div>\n\t\t<div class=\"search-button\">\n\t\t\t<input type=\"submit\" class=\"searchsubmit\" value=\"&#xf002;\" \/>\n\t\t<\/div>\n\t<\/div>\n<\/form>\n<\/section><section id=\"categories-2\" class=\"widget widget_categories\"><div class=\"heading\"><h4 class=\"widget-title\">Categories<\/h4><\/div>\n\t\t\t<ul>\n\t\t\t\t\t<li class=\"cat-item cat-item-15\"><a href=\"https:\/\/samperimpresores.com\/fr\/category\/blog-fr\/\">BLOG<\/a>\n<\/li>\n\t\t\t<\/ul>\n\n\t\t\t<\/section>\n\t\t<section id=\"recent-posts-2\" class=\"widget widget_recent_entries\">\n\t\t<div class=\"heading\"><h4 class=\"widget-title\">Recent Posts<\/h4><\/div>\n\t\t<ul>\n\t\t\t\t\t\t\t\t\t\t\t<li>\n\t\t\t\t\t<a href=\"https:\/\/samperimpresores.com\/fr\/museo-bellas-artes-musee-des-beaux-arts\/\">Museo  bellas artes (mus\u00e9e des beaux-arts)<\/a>\n\t\t\t\t\t\t\t\t\t<\/li>\n\t\t\t\t\t\t\t\t\t\t\t<li>\n\t\t\t\t\t<a href=\"https:\/\/samperimpresores.com\/fr\/warrior-queen-collection-autumn-winter-2017\/\">Warrior queen collection autumn-winter 2017<\/a>\n\t\t\t\t\t\t\t\t\t<\/li>\n\t\t\t\t\t\t\t\t\t\t\t<li>\n\t\t\t\t\t<a href=\"https:\/\/samperimpresores.com\/fr\/memoire-2016-real-sociedad-de-golf-de-neguri\/\">M\u00e9moire 2016 real sociedad de golf de neguri<\/a>\n\t\t\t\t\t\t\t\t\t<\/li>\n\t\t\t\t\t<\/ul>\n\n\t\t<\/section><section id=\"recent-comments-2\" class=\"widget widget_recent_comments\"><div class=\"heading\"><h4 class=\"widget-title\">Recent Comments<\/h4><\/div><ul id=\"recentcomments\"><\/ul><\/section><div class=\"fusion-additional-widget-content\"><\/div><\/div><div class=\"fusion-clearfix\"><\/div>\n\n\t\t\t\t\t<\/div>\n\t\t\t\t<\/div><\/div><\/div>\n","protected":false},"excerpt":{"rendered":"","protected":false},"author":1,"featured_media":0,"parent":0,"menu_order":0,"comment_status":"closed","ping_status":"closed","template":"100-width.php","meta":{"_mi_skip_tracking":false},"_links":{"self":[{"href":"https:\/\/samperimpresores.com\/fr\/wp-json\/wp\/v2\/pages\/1274"}],"collection":[{"href":"https:\/\/samperimpresores.com\/fr\/wp-json\/wp\/v2\/pages"}],"about":[{"href":"https:\/\/samperimpresores.com\/fr\/wp-json\/wp\/v2\/types\/page"}],"author":[{"embeddable":true,"href":"https:\/\/samperimpresores.com\/fr\/wp-json\/wp\/v2\/users\/1"}],"replies":[{"embeddable":true,"href":"https:\/\/samperimpresores.com\/fr\/wp-json\/wp\/v2\/comments?post=1274"}],"version-history":[{"count":6,"href":"https:\/\/samperimpresores.com\/fr\/wp-json\/wp\/v2\/pages\/1274\/revisions"}],"predecessor-version":[{"id":1489,"href":"https:\/\/samperimpresores.com\/fr\/wp-json\/wp\/v2\/pages\/1274\/revisions\/1489"}],"wp:attachment":[{"href":"https:\/\/samperimpresores.com\/fr\/wp-json\/wp\/v2\/media?parent=1274"}],"curies":[{"name":"wp","href":"https:\/\/api.w.org\/{rel}","templated":true}]}}