{"id":1526,"date":"2017-11-22T13:42:50","date_gmt":"2017-11-22T11:42:50","guid":{"rendered":"https:\/\/samperimpresores.com\/mailings\/"},"modified":"2017-11-22T16:04:01","modified_gmt":"2017-11-22T14:04:01","slug":"mailings","status":"publish","type":"page","link":"https:\/\/samperimpresores.com\/fr\/mailings\/","title":{"rendered":"MAILINGS"},"content":{"rendered":"<p><div class=\"fusion-fullwidth fullwidth-box nonhundred-percent-fullwidth non-hundred-percent-height-scrolling\"  style='background-color: rgba(255,255,255,0);background-position: center center;background-repeat: no-repeat;padding-right:0px;padding-bottom:0px;padding-left:0px;'><div class=\"fusion-builder-row fusion-row \"><div  class=\"fusion-layout-column fusion_builder_column fusion_builder_column_1_1  fusion-one-full fusion-column-first fusion-column-last 1_1\"  style='margin-top:0px;margin-bottom:0px;'>\n\t\t\t\t\t<div class=\"fusion-column-wrapper\" style=\"padding: 40px 0px 30px 0px;background-position:left top;background-repeat:no-repeat;-webkit-background-size:cover;-moz-background-size:cover;-o-background-size:cover;background-size:cover;\"  data-bg-url=\"\">\n\t\t\t\t\t\t<div class=\"fusion-text\"><h2 style=\"text-align: center;\">MAILINGS<\/h2>\n<p>&nbsp;<\/p>\n<\/div><div class=\"fusion-text\"><h1 style=\"text-align: center;\">Impression de mailings avec Samper<\/h1>\n<p>&nbsp;<\/p>\n<\/div><div class=\"imageframe-align-center\"><span class=\"fusion-imageframe imageframe-none imageframe-1 hover-type-none fusion-animated\" data-animationType=\"slideInUp\" data-animationDuration=\"0.3\" data-animationOffset=\"100%\"><img decoding=\"async\" src=\"\n<p>https:\/\/samperimpresores.com\/wp-content\/uploads\/2017\/05\/detalle-01-01.png<\/p>\n\" width=\"\" height=\"\" alt=\"\" title=\"\" class=\"img-responsive\"\/><\/span><\/div><div class=\"fusion-clearfix\"><\/div>\n\n\t\t\t\t\t<\/div>\n\t\t\t\t<\/div><\/div><\/div><div class=\"fusion-fullwidth fullwidth-box nonhundred-percent-fullwidth non-hundred-percent-height-scrolling\"  style='background-color: rgba(255,255,255,0);background-position: center center;background-repeat: no-repeat;padding-top:20px;padding-right:0px;padding-bottom:0px;padding-left:0px;'><div class=\"fusion-builder-row fusion-row \"><div  class=\"fusion-layout-column fusion_builder_column fusion_builder_column_1_2  fusion-one-half fusion-column-first 1_2\"  style='margin-top:0px;margin-bottom:20px;width:50%;width:calc(50% - ( ( 4% ) * 0.5 ) );margin-right: 4%;'>\n\t\t\t\t\t<div class=\"fusion-column-wrapper\" style=\"background-position:left top;background-repeat:no-repeat;-webkit-background-size:cover;-moz-background-size:cover;-o-background-size:cover;background-size:cover;\"  data-bg-url=\"\">\n\t\t\t\t\t\t<div class=\"fusion-image-carousel fusion-image-carousel-auto lightbox-enabled\"><div class=\"fusion-carousel\" data-autoplay=\"no\" data-columns=\"1\" data-itemmargin=\"13\" data-itemwidth=\"180\" data-touchscroll=\"no\" data-imagesize=\"auto\"><div class=\"fusion-carousel-positioner\"><ul class=\"fusion-carousel-holder\"><li class=\"fusion-carousel-item\"><div class=\"fusion-carousel-item-wrapper\"><div class=\"fusion-image-wrapper hover-type-none\"><a data-rel=\"iLightbox[gallery_image_1]\" data-title=\"Mailing_PCB_Tarjetas_FIdelizacion\" aria-label=\"Mailing_PCB_Tarjetas_FIdelizacion\" href=\"https:\/\/samperimpresores.com\/wp-content\/uploads\/2017\/07\/Mailing_PCB_Tarjetas_FIdelizacion-700x467.jpg\" target=\"_self\"><img width=\"1200\" height=\"800\" src=\"https:\/\/samperimpresores.com\/wp-content\/uploads\/2017\/07\/Mailing_PCB_Tarjetas_FIdelizacion.jpg\" class=\"attachment-full size-full\" alt=\"Mailing_PCB_Tarjetas_FIdelizacion\" decoding=\"async\" loading=\"lazy\" srcset=\"https:\/\/samperimpresores.com\/wp-content\/uploads\/2017\/07\/Mailing_PCB_Tarjetas_FIdelizacion-200x133.jpg 200w, https:\/\/samperimpresores.com\/wp-content\/uploads\/2017\/07\/Mailing_PCB_Tarjetas_FIdelizacion-400x267.jpg 400w, https:\/\/samperimpresores.com\/wp-content\/uploads\/2017\/07\/Mailing_PCB_Tarjetas_FIdelizacion-600x400.jpg 600w, https:\/\/samperimpresores.com\/wp-content\/uploads\/2017\/07\/Mailing_PCB_Tarjetas_FIdelizacion-700x467.jpg 700w, https:\/\/samperimpresores.com\/wp-content\/uploads\/2017\/07\/Mailing_PCB_Tarjetas_FIdelizacion-768x512.jpg 768w, https:\/\/samperimpresores.com\/wp-content\/uploads\/2017\/07\/Mailing_PCB_Tarjetas_FIdelizacion-800x533.jpg 800w, https:\/\/samperimpresores.com\/wp-content\/uploads\/2017\/07\/Mailing_PCB_Tarjetas_FIdelizacion-1024x683.jpg 1024w, https:\/\/samperimpresores.com\/wp-content\/uploads\/2017\/07\/Mailing_PCB_Tarjetas_FIdelizacion.jpg 1200w\" sizes=\"(max-width: 1200px) 100vw, 1200px\" \/><\/a><\/div><\/div><\/li><\/ul><div class=\"fusion-carousel-nav\"><span class=\"fusion-nav-prev\"><\/span><span class=\"fusion-nav-next\"><\/span><\/div><\/div><\/div><\/div><div class=\"fusion-text\"><p style=\"text-align: center; border-bottom: 1px solid #eee; padding-bottom: 10px;\"><span style=\"font-size: 22pt; color: #c2a44b;\"><strong>\u00a0Fid\u00e9lisation clients PCB<\/strong><\/span><br \/>\n <strong>Client: <\/strong>PCB Creation<\/p>\n<p>Notre client Fran\u00e7ais PCB Cr\u00e9ation nous confie sa campagne de fid\u00e9lisation avec l\u2019impression d\u2019enveloppe, du d\u00e9pliant, du flyer et de la carte de visite personnalis\u00e9e. L\u2019adressage, le code client, les points accumul\u00e9s ainsi que sa valeur sont les donn\u00e9es variables que Samper Impresores imprime en num\u00e9rique. Emailing \u00ab one-to-one \u00bb o\u00f9 se met en valeur l\u2019estampage de la couverture de la brochure.<\/p>\n<p>&nbsp;<\/p>\n<\/div><div class=\"fusion-clearfix\"><\/div>\n\n\t\t\t\t\t<\/div>\n\t\t\t\t<\/div><div  class=\"fusion-layout-column fusion_builder_column fusion_builder_column_1_2  fusion-one-half fusion-column-last 1_2\"  style='margin-top:0px;margin-bottom:20px;width:50%;width:calc(50% - ( ( 4% ) * 0.5 ) );'>\n\t\t\t\t\t<div class=\"fusion-column-wrapper\" style=\"background-position:left top;background-repeat:no-repeat;-webkit-background-size:cover;-moz-background-size:cover;-o-background-size:cover;background-size:cover;\"  data-bg-url=\"\">\n\t\t\t\t\t\t<div class=\"fusion-image-carousel fusion-image-carousel-auto lightbox-enabled\"><div class=\"fusion-carousel\" data-autoplay=\"no\" data-columns=\"1\" data-itemmargin=\"13\" data-itemwidth=\"180\" data-touchscroll=\"no\" data-imagesize=\"auto\"><div class=\"fusion-carousel-positioner\"><ul class=\"fusion-carousel-holder\"><li class=\"fusion-carousel-item\"><div class=\"fusion-carousel-item-wrapper\"><div class=\"fusion-image-wrapper hover-type-none\"><a data-rel=\"iLightbox[gallery_image_2]\" data-title=\"euskaltel-mailing-sobre_personalizado\" aria-label=\"euskaltel-mailing-sobre_personalizado\" href=\"https:\/\/samperimpresores.com\/wp-content\/uploads\/2017\/07\/euskalte-mailing-samper-1.jpg\" target=\"_self\"><img width=\"1200\" height=\"800\" src=\"https:\/\/samperimpresores.com\/wp-content\/uploads\/2017\/07\/euskalte-mailing-samper-1.jpg\" class=\"attachment-full size-full\" alt=\"euskaltel-mailing-sobre_personalizado\" decoding=\"async\" loading=\"lazy\" srcset=\"https:\/\/samperimpresores.com\/wp-content\/uploads\/2017\/07\/euskalte-mailing-samper-1-200x133.jpg 200w, https:\/\/samperimpresores.com\/wp-content\/uploads\/2017\/07\/euskalte-mailing-samper-1-400x267.jpg 400w, https:\/\/samperimpresores.com\/wp-content\/uploads\/2017\/07\/euskalte-mailing-samper-1-600x400.jpg 600w, https:\/\/samperimpresores.com\/wp-content\/uploads\/2017\/07\/euskalte-mailing-samper-1-700x467.jpg 700w, https:\/\/samperimpresores.com\/wp-content\/uploads\/2017\/07\/euskalte-mailing-samper-1-768x512.jpg 768w, https:\/\/samperimpresores.com\/wp-content\/uploads\/2017\/07\/euskalte-mailing-samper-1-800x533.jpg 800w, https:\/\/samperimpresores.com\/wp-content\/uploads\/2017\/07\/euskalte-mailing-samper-1-1024x683.jpg 1024w, https:\/\/samperimpresores.com\/wp-content\/uploads\/2017\/07\/euskalte-mailing-samper-1.jpg 1200w\" sizes=\"(max-width: 1200px) 100vw, 1200px\" \/><\/a><\/div><\/div><\/li><\/ul><div class=\"fusion-carousel-nav\"><span class=\"fusion-nav-prev\"><\/span><span class=\"fusion-nav-next\"><\/span><\/div><\/div><\/div><\/div><div class=\"fusion-text\"><p style=\"text-align: center; border-bottom: 1px solid #eee; padding-bottom: 10px;\"><span style=\"font-size: 22pt; color: #c2a44b;\"><strong>La fibra lo cambia todo<br \/>\n (La fibre change tout)<\/strong><\/span><br \/>\n <strong>Client: <\/strong>EUSKALTEL<\/p>\n<p style=\"text-align: justify;\">Euskaltel renforce sa strat\u00e9gie de communication en utilisant le content marketing dans ses designs. Le mailing imprim\u00e9 personnalis\u00e9 est un canal et un outil protagoniste dans son d\u00e9partement de marketing et la soci\u00e9t\u00e9 fait confiance \u00e0 Imprenta Samper en tant que fournisseur habituel de toutes ses campagnes. Dans cette nouvelle action \u00ab\u00a0vous m\u00e9ritez 10\/10\u00a0\u00bb, Samper utilise une enveloppe non conventionnelle, type complet, gommage, + 1 lettre personnalis\u00e9e. Dans l&rsquo;op\u00e9ration de mise sous enveloppe, nous fournissons au client un syst\u00e8me de s\u00e9curit\u00e9 appel\u00e9 comparaisons o\u00f9 nous v\u00e9rifions les donn\u00e9es communes pour une insertion r\u00e9ussie.<\/p>\n<p>&nbsp;<\/p>\n<\/div><div class=\"fusion-clearfix\"><\/div>\n\n\t\t\t\t\t<\/div>\n\t\t\t\t<\/div><div  class=\"fusion-layout-column fusion_builder_column fusion_builder_column_1_2  fusion-one-half fusion-column-first 1_2\"  style='margin-top:0px;margin-bottom:20px;width:50%;width:calc(50% - ( ( 4% ) * 0.5 ) );margin-right: 4%;'>\n\t\t\t\t\t<div class=\"fusion-column-wrapper\" style=\"background-position:left top;background-repeat:no-repeat;-webkit-background-size:cover;-moz-background-size:cover;-o-background-size:cover;background-size:cover;\"  data-bg-url=\"\">\n\t\t\t\t\t\t<div class=\"fusion-image-carousel fusion-image-carousel-auto lightbox-enabled\"><div class=\"fusion-carousel\" data-autoplay=\"no\" data-columns=\"1\" data-itemmargin=\"13\" data-itemwidth=\"180\" data-touchscroll=\"no\" data-imagesize=\"auto\"><div class=\"fusion-carousel-positioner\"><ul class=\"fusion-carousel-holder\"><li class=\"fusion-carousel-item\"><div class=\"fusion-carousel-item-wrapper\"><div class=\"fusion-image-wrapper hover-type-none\"><a data-rel=\"iLightbox[gallery_image_3]\" data-title=\"Mailing_Euskaltel_22\" aria-label=\"Mailing_Euskaltel_22\" href=\"https:\/\/samperimpresores.com\/wp-content\/uploads\/2017\/07\/Mailing_Euskaltel_22.jpg\" target=\"_self\"><img width=\"1200\" height=\"800\" src=\"https:\/\/samperimpresores.com\/wp-content\/uploads\/2017\/07\/Mailing_Euskaltel_22.jpg\" class=\"attachment-full size-full\" alt=\"\" decoding=\"async\" loading=\"lazy\" srcset=\"https:\/\/samperimpresores.com\/wp-content\/uploads\/2017\/07\/Mailing_Euskaltel_22-200x133.jpg 200w, https:\/\/samperimpresores.com\/wp-content\/uploads\/2017\/07\/Mailing_Euskaltel_22-400x267.jpg 400w, https:\/\/samperimpresores.com\/wp-content\/uploads\/2017\/07\/Mailing_Euskaltel_22-600x400.jpg 600w, https:\/\/samperimpresores.com\/wp-content\/uploads\/2017\/07\/Mailing_Euskaltel_22-700x467.jpg 700w, https:\/\/samperimpresores.com\/wp-content\/uploads\/2017\/07\/Mailing_Euskaltel_22-768x512.jpg 768w, https:\/\/samperimpresores.com\/wp-content\/uploads\/2017\/07\/Mailing_Euskaltel_22-800x533.jpg 800w, https:\/\/samperimpresores.com\/wp-content\/uploads\/2017\/07\/Mailing_Euskaltel_22-1024x683.jpg 1024w, https:\/\/samperimpresores.com\/wp-content\/uploads\/2017\/07\/Mailing_Euskaltel_22.jpg 1200w\" sizes=\"(max-width: 1200px) 100vw, 1200px\" \/><\/a><\/div><\/div><\/li><\/ul><div class=\"fusion-carousel-nav\"><span class=\"fusion-nav-prev\"><\/span><span class=\"fusion-nav-next\"><\/span><\/div><\/div><\/div><\/div><div class=\"fusion-text\"><p style=\"text-align: center; border-bottom: 1px solid #eee; padding-bottom: 10px;\"><span style=\"font-size: 22pt; color: #c2a44b;\"><strong>La oferta es insuperable<br \/>\n(L&rsquo;offre incomparable)<\/strong><\/span><br \/>\n <strong>Client: <\/strong>EUSKALTEL<\/p>\n<p style=\"text-align: justify;\">\u00c0 cette occasion la collaboration client Samper donne lieu \u00e0 un complet. Ce terme fait r\u00e9f\u00e9rence au morceau de papier qui, apr\u00e8s des plis successifs sur lui-m\u00eame, escalad\u00e9s et coll\u00e9s, deviennent un mailing complet, qui fait office \u00e9galement d&rsquo;enveloppe. Homologu\u00e9 par le service des postes, \u00e9videmment. Euskaltel annonce le passage \u00e0 la fibre optique en offrant 3 mois gratuits.<\/p>\n<p>&nbsp;<\/p>\n<\/div><div class=\"fusion-clearfix\"><\/div>\n\n\t\t\t\t\t<\/div>\n\t\t\t\t<\/div><div  class=\"fusion-layout-column fusion_builder_column fusion_builder_column_1_2  fusion-one-half fusion-column-last 1_2\"  style='margin-top:0px;margin-bottom:20px;width:50%;width:calc(50% - ( ( 4% ) * 0.5 ) );'>\n\t\t\t\t\t<div class=\"fusion-column-wrapper\" style=\"background-position:left top;background-repeat:no-repeat;-webkit-background-size:cover;-moz-background-size:cover;-o-background-size:cover;background-size:cover;\"  data-bg-url=\"\">\n\t\t\t\t\t\t<div class=\"fusion-image-carousel fusion-image-carousel-auto lightbox-enabled\"><div class=\"fusion-carousel\" data-autoplay=\"no\" data-columns=\"1\" data-itemmargin=\"13\" data-itemwidth=\"180\" data-touchscroll=\"no\" data-imagesize=\"auto\"><div class=\"fusion-carousel-positioner\"><ul class=\"fusion-carousel-holder\"><li class=\"fusion-carousel-item\"><div class=\"fusion-carousel-item-wrapper\"><div class=\"fusion-image-wrapper hover-type-none\"><a data-rel=\"iLightbox[gallery_image_4]\" data-title=\"euskaltel-mailing-rasca_y_gana\" aria-label=\"euskaltel-mailing-rasca_y_gana\" href=\"https:\/\/samperimpresores.com\/wp-content\/uploads\/2017\/07\/euskalte-mailing-samper-04.jpg\" target=\"_self\"><img width=\"1200\" height=\"800\" src=\"https:\/\/samperimpresores.com\/wp-content\/uploads\/2017\/07\/euskalte-mailing-samper-04.jpg\" class=\"attachment-full size-full\" alt=\"euskaltel-mailing-rasca_y_gana\" decoding=\"async\" loading=\"lazy\" srcset=\"https:\/\/samperimpresores.com\/wp-content\/uploads\/2017\/07\/euskalte-mailing-samper-04-200x133.jpg 200w, https:\/\/samperimpresores.com\/wp-content\/uploads\/2017\/07\/euskalte-mailing-samper-04-400x267.jpg 400w, https:\/\/samperimpresores.com\/wp-content\/uploads\/2017\/07\/euskalte-mailing-samper-04-600x400.jpg 600w, https:\/\/samperimpresores.com\/wp-content\/uploads\/2017\/07\/euskalte-mailing-samper-04-700x467.jpg 700w, https:\/\/samperimpresores.com\/wp-content\/uploads\/2017\/07\/euskalte-mailing-samper-04-768x512.jpg 768w, https:\/\/samperimpresores.com\/wp-content\/uploads\/2017\/07\/euskalte-mailing-samper-04-800x533.jpg 800w, https:\/\/samperimpresores.com\/wp-content\/uploads\/2017\/07\/euskalte-mailing-samper-04-1024x683.jpg 1024w, https:\/\/samperimpresores.com\/wp-content\/uploads\/2017\/07\/euskalte-mailing-samper-04.jpg 1200w\" sizes=\"(max-width: 1200px) 100vw, 1200px\" \/><\/a><\/div><\/div><\/li><\/ul><div class=\"fusion-carousel-nav\"><span class=\"fusion-nav-prev\"><\/span><span class=\"fusion-nav-next\"><\/span><\/div><\/div><\/div><\/div><div class=\"fusion-text\"><p style=\"text-align: center; border-bottom: 1px solid #eee; padding-bottom: 10px;\"><span style=\"font-size: 22pt; color: #c2a44b;\"><strong>\u201cRasca y Gana\u201d<br \/>\n(\u00ab\u00a0Gratter et Gagner\u00a0\u00bb)<\/strong><\/span><br \/>\n <strong>Client: <\/strong>EUSKALTEL<\/p>\n<p>Euskaltel nous charge de l&rsquo;impression de brochures personnalis\u00e9es et avec adresse avec s\u00e9rigraphie en argent pour un concours de cadeaux avec le jeu de grattage. Le diptyque est form\u00e9 avec son pli et son gommage correspondants. Pr\u00eat pour la distribution en bo\u00eetes aux lettres. Bonne chance !!!<\/p>\n<p>&nbsp;<\/p>\n<\/div><div class=\"fusion-clearfix\"><\/div>\n\n\t\t\t\t\t<\/div>\n\t\t\t\t<\/div><div  class=\"fusion-layout-column fusion_builder_column fusion_builder_column_1_2  fusion-one-half fusion-column-first 1_2\"  style='margin-top:0px;margin-bottom:20px;width:50%;width:calc(50% - ( ( 4% ) * 0.5 ) );margin-right: 4%;'>\n\t\t\t\t\t<div class=\"fusion-column-wrapper\" style=\"background-position:left top;background-repeat:no-repeat;-webkit-background-size:cover;-moz-background-size:cover;-o-background-size:cover;background-size:cover;\"  data-bg-url=\"\">\n\t\t\t\t\t\t<div class=\"fusion-image-carousel fusion-image-carousel-auto lightbox-enabled\"><div class=\"fusion-carousel\" data-autoplay=\"no\" data-columns=\"1\" data-itemmargin=\"13\" data-itemwidth=\"180\" data-touchscroll=\"no\" data-imagesize=\"auto\"><div class=\"fusion-carousel-positioner\"><ul class=\"fusion-carousel-holder\"><li class=\"fusion-carousel-item\"><div class=\"fusion-carousel-item-wrapper\"><div class=\"fusion-image-wrapper hover-type-none\"><a data-rel=\"iLightbox[gallery_image_5]\" data-title=\"Mailing_IMQ\" aria-label=\"Mailing_IMQ\" href=\"https:\/\/samperimpresores.com\/wp-content\/uploads\/2017\/09\/Mailing_IMQ_04-1024x683b-700x467.jpg\" target=\"_self\"><img width=\"1024\" height=\"683\" src=\"https:\/\/samperimpresores.com\/wp-content\/uploads\/2017\/09\/Mailing_IMQ_04-1024x683b.jpg\" class=\"attachment-full size-full\" alt=\"Mailing_IMQ\" decoding=\"async\" loading=\"lazy\" srcset=\"https:\/\/samperimpresores.com\/wp-content\/uploads\/2017\/09\/Mailing_IMQ_04-1024x683b-200x133.jpg 200w, https:\/\/samperimpresores.com\/wp-content\/uploads\/2017\/09\/Mailing_IMQ_04-1024x683b-400x267.jpg 400w, https:\/\/samperimpresores.com\/wp-content\/uploads\/2017\/09\/Mailing_IMQ_04-1024x683b-600x400.jpg 600w, https:\/\/samperimpresores.com\/wp-content\/uploads\/2017\/09\/Mailing_IMQ_04-1024x683b-700x467.jpg 700w, https:\/\/samperimpresores.com\/wp-content\/uploads\/2017\/09\/Mailing_IMQ_04-1024x683b-768x512.jpg 768w, https:\/\/samperimpresores.com\/wp-content\/uploads\/2017\/09\/Mailing_IMQ_04-1024x683b-800x534.jpg 800w, https:\/\/samperimpresores.com\/wp-content\/uploads\/2017\/09\/Mailing_IMQ_04-1024x683b.jpg 1024w\" sizes=\"(max-width: 1024px) 100vw, 1024px\" \/><\/a><\/div><\/div><\/li><\/ul><div class=\"fusion-carousel-nav\"><span class=\"fusion-nav-prev\"><\/span><span class=\"fusion-nav-next\"><\/span><\/div><\/div><\/div><\/div><div class=\"fusion-text\"><p style=\"text-align: center; border-bottom: 1px solid #eee; padding-bottom: 10px;\"><span style=\"font-size: 22pt; color: #c2a44b;\"><strong>IMQ Decesos<br \/>\n(Assurance d\u00e9c\u00e8s)<\/strong><\/span><br \/>\n <strong>Client:\u00a0<\/strong>IGUALATORIO M\u00c9DICO QUIR\u00daRGICO<\/p>\n<p>Grupo IMQ est compos\u00e9 d&rsquo;une division centr\u00e9e sur les assurances sanitaires, IMQ Seguros, et une deuxi\u00e8me, prestataire de services sanitaires et d&rsquo;assistance appel\u00e9s IMQ Servicios. Les m\u00e9decins sont propri\u00e9taires et actionnaires de la soci\u00e9t\u00e9, ainsi que prestataires de service. Par nombre d&rsquo;assur\u00e9s, IMQ Seguros est la premi\u00e8re soci\u00e9t\u00e9 du Pays basque, avec plus de 312 000 clients et 500 entreprises. Imprenta Samper soutient le marketing direct en participant \u00e0 toutes les campagnes lanc\u00e9es par cette soci\u00e9t\u00e9. Un exemple en est l&rsquo;offre d&rsquo;une nouvelle assurance (IMQ Decesos &#8211; assurance d\u00e9c\u00e8s) par le mailing direct personnalis\u00e9 compos\u00e9 d&rsquo;une enveloppe \u00e0 gommage, un triptyque et la lettre de pr\u00e9sentation.<\/p>\n<p>&nbsp;<\/p>\n<\/div><div class=\"fusion-clearfix\"><\/div>\n\n\t\t\t\t\t<\/div>\n\t\t\t\t<\/div><div  class=\"fusion-layout-column fusion_builder_column fusion_builder_column_1_2  fusion-one-half fusion-column-last 1_2\"  style='margin-top:0px;margin-bottom:20px;width:50%;width:calc(50% - ( ( 4% ) * 0.5 ) );'>\n\t\t\t\t\t<div class=\"fusion-column-wrapper\" style=\"background-position:left top;background-repeat:no-repeat;-webkit-background-size:cover;-moz-background-size:cover;-o-background-size:cover;background-size:cover;\"  data-bg-url=\"\">\n\t\t\t\t\t\t<div class=\"fusion-image-carousel fusion-image-carousel-auto lightbox-enabled\"><div class=\"fusion-carousel\" data-autoplay=\"no\" data-columns=\"1\" data-itemmargin=\"13\" data-itemwidth=\"180\" data-touchscroll=\"no\" data-imagesize=\"auto\"><div class=\"fusion-carousel-positioner\"><ul class=\"fusion-carousel-holder\"><li class=\"fusion-carousel-item\"><div class=\"fusion-carousel-item-wrapper\"><div class=\"fusion-image-wrapper hover-type-none\"><a data-rel=\"iLightbox[gallery_image_6]\" data-title=\"Mailing_Seg. Bilbao_01\" aria-label=\"Mailing_Seg. Bilbao_01\" href=\"https:\/\/samperimpresores.com\/wp-content\/uploads\/2017\/07\/Mailing_Seg.-Bilbao_01.jpg\" target=\"_self\"><img width=\"1200\" height=\"800\" src=\"https:\/\/samperimpresores.com\/wp-content\/uploads\/2017\/07\/Mailing_Seg.-Bilbao_01.jpg\" class=\"attachment-full size-full\" alt=\"\" decoding=\"async\" loading=\"lazy\" srcset=\"https:\/\/samperimpresores.com\/wp-content\/uploads\/2017\/07\/Mailing_Seg.-Bilbao_01-200x133.jpg 200w, https:\/\/samperimpresores.com\/wp-content\/uploads\/2017\/07\/Mailing_Seg.-Bilbao_01-400x267.jpg 400w, https:\/\/samperimpresores.com\/wp-content\/uploads\/2017\/07\/Mailing_Seg.-Bilbao_01-600x400.jpg 600w, https:\/\/samperimpresores.com\/wp-content\/uploads\/2017\/07\/Mailing_Seg.-Bilbao_01-700x467.jpg 700w, https:\/\/samperimpresores.com\/wp-content\/uploads\/2017\/07\/Mailing_Seg.-Bilbao_01-768x512.jpg 768w, https:\/\/samperimpresores.com\/wp-content\/uploads\/2017\/07\/Mailing_Seg.-Bilbao_01-800x533.jpg 800w, https:\/\/samperimpresores.com\/wp-content\/uploads\/2017\/07\/Mailing_Seg.-Bilbao_01-1024x683.jpg 1024w, https:\/\/samperimpresores.com\/wp-content\/uploads\/2017\/07\/Mailing_Seg.-Bilbao_01.jpg 1200w\" sizes=\"(max-width: 1200px) 100vw, 1200px\" \/><\/a><\/div><\/div><\/li><\/ul><div class=\"fusion-carousel-nav\"><span class=\"fusion-nav-prev\"><\/span><span class=\"fusion-nav-next\"><\/span><\/div><\/div><\/div><\/div><div class=\"fusion-text\"><p style=\"text-align: center; border-bottom: 1px solid #eee; padding-bottom: 10px;\"><span style=\"font-size: 22pt; color: #c2a44b;\"><strong>\u201cNos hemos cambiado\u201d<br \/>\n (\u00ab\u00a0Nous avons chang\u00e9\u00a0\u00bb)<\/strong><\/span><br \/>\n <strong>Client:\u00a0<\/strong>SEGUROS BILBAO<\/p>\n<p>Seguros Bilbao est une soci\u00e9t\u00e9 de Biscaye fond\u00e9e en 1918 et int\u00e9gr\u00e9e dans le Groupe Catalana Occidente depuis 2004. Elle s&rsquo;appuie sur 600 employ\u00e9s environ et plus de 1500 m\u00e9diateurs. Les assurances et produits financiers de la maison d&rsquo;assurance sont destin\u00e9s aux particuliers, aux professionnels, aux commerces et aux PME. Imprenta Samper apporte tous les avantages des syst\u00e8mes de gestion des donn\u00e9es et les machines n\u00e9cessaires pour imprimer les diff\u00e9rents mailings du groupe d&rsquo;assurance. La campagne \u00ab\u00a0nouveau bureau\u00a0\u00bb est un exemple d&rsquo;homog\u00e9n\u00e9isation de couleurs dans tous ses \u00e9l\u00e9ments graphiques.<\/p>\n<p>&nbsp;<\/p>\n<\/div><div class=\"fusion-clearfix\"><\/div>\n\n\t\t\t\t\t<\/div>\n\t\t\t\t<\/div><\/div><\/div><\/p>\n","protected":false},"excerpt":{"rendered":"","protected":false},"author":1,"featured_media":0,"parent":0,"menu_order":0,"comment_status":"closed","ping_status":"closed","template":"100-width.php","meta":{"_mi_skip_tracking":false},"_links":{"self":[{"href":"https:\/\/samperimpresores.com\/fr\/wp-json\/wp\/v2\/pages\/1526"}],"collection":[{"href":"https:\/\/samperimpresores.com\/fr\/wp-json\/wp\/v2\/pages"}],"about":[{"href":"https:\/\/samperimpresores.com\/fr\/wp-json\/wp\/v2\/types\/page"}],"author":[{"embeddable":true,"href":"https:\/\/samperimpresores.com\/fr\/wp-json\/wp\/v2\/users\/1"}],"replies":[{"embeddable":true,"href":"https:\/\/samperimpresores.com\/fr\/wp-json\/wp\/v2\/comments?post=1526"}],"version-history":[{"count":17,"href":"https:\/\/samperimpresores.com\/fr\/wp-json\/wp\/v2\/pages\/1526\/revisions"}],"predecessor-version":[{"id":1554,"href":"https:\/\/samperimpresores.com\/fr\/wp-json\/wp\/v2\/pages\/1526\/revisions\/1554"}],"wp:attachment":[{"href":"https:\/\/samperimpresores.com\/fr\/wp-json\/wp\/v2\/media?parent=1526"}],"curies":[{"name":"wp","href":"https:\/\/api.w.org\/{rel}","templated":true}]}}